{"id":46789,"date":"2025-05-19T12:08:53","date_gmt":"2025-05-19T12:08:53","guid":{"rendered":"https:\/\/place-add.nl\/product\/verfrissingsdoekjes-7-x-14-cm\/"},"modified":"2025-07-02T13:06:53","modified_gmt":"2025-07-02T13:06:53","slug":"erfrischungstuecher-7-x-14-cm","status":"publish","type":"product","link":"https:\/\/place-add.nl\/de\/produkt\/erfrischungstuecher-7-x-14-cm\/","title":{"rendered":"Erfrischungst\u00fccher  7 x 14 cm"},"content":{"rendered":"<h4>Hochwertige Qualit\u00e4t<\/h4>\n<p>Die T\u00fccher haben eine Dicke von 50 g\/m\u00b2 und die Gr\u00f6\u00dfe betr\u00e4gt ca. 24 x 17 cm.<\/p>\n<h4>Nachhaltige Verpackung<\/h4>\n<p>Die T\u00fccher sind einzeln verpackt in einem 3-lagigen Beutel aus Papier, Aluminium und PE. Dank der Aluminiumschicht bleibt die Lotion perfekt erhalten, ohne Verlust durch Verdunstung \u2013 etwas, das bei einfachen Kunststoffverpackungen oft passiert. Unsere Verpackung bietet zudem eine gro\u00dfe Druckfl\u00e4che auf beiden Seiten, ideal f\u00fcr Ihr Logo oder Ihre Botschaft. W\u00e4hlen Sie Qualit\u00e4t, Frische und Nachhaltigkeit mit unseren erfrischenden Zitronent\u00fcchern.<\/p>\n<p>Die Art und Weise, wie unsere T\u00fccher versiegelt sind, sorgt f\u00fcr maximal verf\u00fcgbare Druckfl\u00e4che auf beiden Seiten.<\/p>\n<h4>Druck<\/h4>\n<p>Flexodruck f\u00fcr die Bedruckung von linearem Artwork kann bis zu 3 Pantone-Farben auf beiden Seiten umfassen. Durch den Vektordruck (Linien) erzielen Sie ein sehr sch\u00f6nes Ergebnis. Die Kosten f\u00fcr die Klischees \u00fcbernehmen wir.<\/p>\n<p>Es ist auch m\u00f6glich, digital mit fotografischer Aufl\u00f6sung zu drucken. Der Aufpreis pro Beutel betr\u00e4gt \u20ac 0,05.<\/p>\n<p><button id=\"knop-contact-opnemen-overige-producten-de\">Kontaktieren Sie uns unverbindlich<\/button><\/p>\n","protected":false},"excerpt":{"rendered":"<h4>100% Plastikfrei und Pflanzlich.<\/h4>\n<p>Unsere Erfrischungst\u00fccher sorgen f\u00fcr ein frisches und gepflegtes Gef\u00fchl bei Ihren G\u00e4sten. Sie bestehen aus non-woven Viskose, einem Material pflanzlichen Ursprungs. Ganz ohne Plastik und daher eine umweltfreundliche Wahl.<\/p>\n<h4>Frischer Zitronenduft.<\/h4>\n<p>Die T\u00fccher sind leicht feucht und haben einen angenehmen Zitronenduft, der bei jeder Anwendung f\u00fcr ein frisches und angenehmes Erlebnis sorgt.<\/p>\n<p>Preis pro St\u00fcck, 1 oder 2 Farben Druck, einschlie\u00dflich Film- und Transportkosten.<br \/>\nMenge\u00a0 \u00a05.000\u00a0 \u00a010.000\u00a0 \u00a021.000\u00a0 \u00a042.000<br \/>\nPreis\u00a0 \u00a0 \u00a0\u20ac 0,18\u00a0 \u00a0 \u20ac 0,15\u00a0 \u00a0 \u00a0\u20ac 0,13\u00a0 \u00a0 \u20ac 0,12<\/p>\n<p><button id=\"knop-contact-opnemen-overige-producten-de\">Kontaktieren Sie uns unverbindlich<\/button><\/p>\n","protected":false},"featured_media":46652,"template":"","meta":[],"product_brand":[],"product_cat":[1488],"product_tag":[1128,1129,1130,1269,1366,1309],"class_list":{"0":"post-46789","1":"product","2":"type-product","3":"status-publish","4":"has-post-thumbnail","6":"product_cat-erfrischungstucher-mit-aufdruck","7":"product_tag-5-lagige-tropfenfanger","8":"product_tag-7-lagige-tropfenfanger","9":"product_tag-9-lagige-tropfenfanger","10":"product_tag-bedruckte-tropfenfanger","11":"product_tag-mehrschicht-tropffanger","12":"product_tag-tropfenfanger-zellstoff","14":"first","15":"instock","16":"taxable","17":"shipping-taxable","18":"product-type-simple"},"yoast_head":"<!-- This site is optimized with the Yoast SEO Premium plugin v27.2 (Yoast SEO v27.2) - https:\/\/yoast.com\/product\/yoast-seo-premium-wordpress\/ -->\n<title>Erfrischungst\u00fccher 7 x 14 cm | Place Add F\u00fcr die Gastronomie<\/title>\n<meta name=\"description\" content=\"Erfrischungstuch 7x14 cm. Das Tuch ist mit Zitronenduft versehen und befindet sich in gl\u00e4nzender Folie. Eine frische Visitenkarte!\" \/>\n<meta name=\"robots\" content=\"index, follow, max-snippet:-1, max-image-preview:large, max-video-preview:-1\" \/>\n<link rel=\"canonical\" href=\"https:\/\/place-add.nl\/de\/produkt\/erfrischungstuecher-7-x-14-cm\/\" \/>\n<meta property=\"og:locale\" content=\"de_DE\" \/>\n<meta property=\"og:type\" content=\"article\" \/>\n<meta property=\"og:title\" content=\"Erfrischungst\u00fccher 7 x 14 cm\" \/>\n<meta property=\"og:description\" content=\"Erfrischungstuch 7x14 cm. Das Tuch ist mit Zitronenduft versehen und befindet sich in gl\u00e4nzender Folie. Eine frische Visitenkarte!\" \/>\n<meta property=\"og:url\" content=\"https:\/\/place-add.nl\/de\/produkt\/erfrischungstuecher-7-x-14-cm\/\" \/>\n<meta property=\"og:site_name\" content=\"Place Add\" \/>\n<meta property=\"article:publisher\" content=\"https:\/\/www.facebook.com\/PlaceAdd\/\" \/>\n<meta property=\"article:modified_time\" content=\"2025-07-02T13:06:53+00:00\" \/>\n<meta property=\"og:image\" content=\"https:\/\/place-add.nl\/wp-content\/uploads\/2025\/05\/verfrissingdoekjes-steakhouse-7-14-cm-2.jpg\" \/>\n\t<meta property=\"og:image:width\" content=\"800\" \/>\n\t<meta property=\"og:image:height\" content=\"800\" \/>\n\t<meta property=\"og:image:type\" content=\"image\/jpeg\" \/>\n<meta name=\"twitter:card\" content=\"summary_large_image\" \/>\n<meta name=\"twitter:label1\" content=\"Gesch\u00e4tzte Lesezeit\" \/>\n\t<meta name=\"twitter:data1\" content=\"1\u00a0Minute\" \/>\n<script type=\"application\/ld+json\" class=\"yoast-schema-graph\">{\"@context\":\"https:\/\/schema.org\",\"@graph\":[{\"@type\":\"WebPage\",\"@id\":\"https:\/\/place-add.nl\/de\/produkt\/erfrischungstuecher-7-x-14-cm\/\",\"url\":\"https:\/\/place-add.nl\/de\/produkt\/erfrischungstuecher-7-x-14-cm\/\",\"name\":\"Erfrischungst\u00fccher 7 x 14 cm | Place Add F\u00fcr die Gastronomie\",\"isPartOf\":{\"@id\":\"https:\/\/place-add.nl\/de\/#website\"},\"primaryImageOfPage\":{\"@id\":\"https:\/\/place-add.nl\/de\/produkt\/erfrischungstuecher-7-x-14-cm\/#primaryimage\"},\"image\":{\"@id\":\"https:\/\/place-add.nl\/de\/produkt\/erfrischungstuecher-7-x-14-cm\/#primaryimage\"},\"thumbnailUrl\":\"https:\/\/place-add.nl\/wp-content\/uploads\/2025\/05\/verfrissingdoekjes-steakhouse-7-14-cm-2.jpg\",\"datePublished\":\"2025-05-19T12:08:53+00:00\",\"dateModified\":\"2025-07-02T13:06:53+00:00\",\"description\":\"Erfrischungstuch 7x14 cm. Das Tuch ist mit Zitronenduft versehen und befindet sich in gl\u00e4nzender Folie. Eine frische Visitenkarte!\",\"breadcrumb\":{\"@id\":\"https:\/\/place-add.nl\/de\/produkt\/erfrischungstuecher-7-x-14-cm\/#breadcrumb\"},\"inLanguage\":\"de\",\"potentialAction\":[{\"@type\":\"ReadAction\",\"target\":[\"https:\/\/place-add.nl\/de\/produkt\/erfrischungstuecher-7-x-14-cm\/\"]}]},{\"@type\":\"ImageObject\",\"inLanguage\":\"de\",\"@id\":\"https:\/\/place-add.nl\/de\/produkt\/erfrischungstuecher-7-x-14-cm\/#primaryimage\",\"url\":\"https:\/\/place-add.nl\/wp-content\/uploads\/2025\/05\/verfrissingdoekjes-steakhouse-7-14-cm-2.jpg\",\"contentUrl\":\"https:\/\/place-add.nl\/wp-content\/uploads\/2025\/05\/verfrissingdoekjes-steakhouse-7-14-cm-2.jpg\",\"width\":800,\"height\":800},{\"@type\":\"BreadcrumbList\",\"@id\":\"https:\/\/place-add.nl\/de\/produkt\/erfrischungstuecher-7-x-14-cm\/#breadcrumb\",\"itemListElement\":[{\"@type\":\"ListItem\",\"position\":1,\"name\":\"Home\",\"item\":\"https:\/\/place-add.nl\/de\/home\/\"},{\"@type\":\"ListItem\",\"position\":2,\"name\":\"Shop\",\"item\":\"https:\/\/place-add.nl\/de\/shop\/\"},{\"@type\":\"ListItem\",\"position\":3,\"name\":\"Erfrischungst\u00fccher 7 x 14 cm\"}]},{\"@type\":\"WebSite\",\"@id\":\"https:\/\/place-add.nl\/de\/#website\",\"url\":\"https:\/\/place-add.nl\/de\/\",\"name\":\"Place Add\",\"description\":\"Tafelkleding voor de horeca\",\"publisher\":{\"@id\":\"https:\/\/place-add.nl\/de\/#organization\"},\"potentialAction\":[{\"@type\":\"SearchAction\",\"target\":{\"@type\":\"EntryPoint\",\"urlTemplate\":\"https:\/\/place-add.nl\/de\/?s={search_term_string}\"},\"query-input\":{\"@type\":\"PropertyValueSpecification\",\"valueRequired\":true,\"valueName\":\"search_term_string\"}}],\"inLanguage\":\"de\"},{\"@type\":\"Organization\",\"@id\":\"https:\/\/place-add.nl\/de\/#organization\",\"name\":\"Place Add\",\"url\":\"https:\/\/place-add.nl\/de\/\",\"logo\":{\"@type\":\"ImageObject\",\"inLanguage\":\"de\",\"@id\":\"https:\/\/place-add.nl\/de\/#\/schema\/logo\/image\/\",\"url\":\"https:\/\/place-add.nl\/wp-content\/uploads\/2023\/11\/logo-img-place-add.png\",\"contentUrl\":\"https:\/\/place-add.nl\/wp-content\/uploads\/2023\/11\/logo-img-place-add.png\",\"width\":404,\"height\":106,\"caption\":\"Place Add\"},\"image\":{\"@id\":\"https:\/\/place-add.nl\/de\/#\/schema\/logo\/image\/\"},\"sameAs\":[\"https:\/\/www.facebook.com\/PlaceAdd\/\",\"https:\/\/www.instagram.com\/place_add\/\",\"https:\/\/www.youtube.com\/@placeadd\"]}]}<\/script>\n<!-- \/ Yoast SEO Premium plugin. -->","yoast_head_json":{"title":"Erfrischungst\u00fccher 7 x 14 cm | Place Add F\u00fcr die Gastronomie","description":"Erfrischungstuch 7x14 cm. Das Tuch ist mit Zitronenduft versehen und befindet sich in gl\u00e4nzender Folie. Eine frische Visitenkarte!","robots":{"index":"index","follow":"follow","max-snippet":"max-snippet:-1","max-image-preview":"max-image-preview:large","max-video-preview":"max-video-preview:-1"},"canonical":"https:\/\/place-add.nl\/de\/produkt\/erfrischungstuecher-7-x-14-cm\/","og_locale":"de_DE","og_type":"article","og_title":"Erfrischungst\u00fccher 7 x 14 cm","og_description":"Erfrischungstuch 7x14 cm. Das Tuch ist mit Zitronenduft versehen und befindet sich in gl\u00e4nzender Folie. Eine frische Visitenkarte!","og_url":"https:\/\/place-add.nl\/de\/produkt\/erfrischungstuecher-7-x-14-cm\/","og_site_name":"Place Add","article_publisher":"https:\/\/www.facebook.com\/PlaceAdd\/","article_modified_time":"2025-07-02T13:06:53+00:00","og_image":[{"width":800,"height":800,"url":"https:\/\/place-add.nl\/wp-content\/uploads\/2025\/05\/verfrissingdoekjes-steakhouse-7-14-cm-2.jpg","type":"image\/jpeg"}],"twitter_card":"summary_large_image","twitter_misc":{"Gesch\u00e4tzte Lesezeit":"1\u00a0Minute"},"schema":{"@context":"https:\/\/schema.org","@graph":[{"@type":"WebPage","@id":"https:\/\/place-add.nl\/de\/produkt\/erfrischungstuecher-7-x-14-cm\/","url":"https:\/\/place-add.nl\/de\/produkt\/erfrischungstuecher-7-x-14-cm\/","name":"Erfrischungst\u00fccher 7 x 14 cm | Place Add F\u00fcr die Gastronomie","isPartOf":{"@id":"https:\/\/place-add.nl\/de\/#website"},"primaryImageOfPage":{"@id":"https:\/\/place-add.nl\/de\/produkt\/erfrischungstuecher-7-x-14-cm\/#primaryimage"},"image":{"@id":"https:\/\/place-add.nl\/de\/produkt\/erfrischungstuecher-7-x-14-cm\/#primaryimage"},"thumbnailUrl":"https:\/\/place-add.nl\/wp-content\/uploads\/2025\/05\/verfrissingdoekjes-steakhouse-7-14-cm-2.jpg","datePublished":"2025-05-19T12:08:53+00:00","dateModified":"2025-07-02T13:06:53+00:00","description":"Erfrischungstuch 7x14 cm. Das Tuch ist mit Zitronenduft versehen und befindet sich in gl\u00e4nzender Folie. Eine frische Visitenkarte!","breadcrumb":{"@id":"https:\/\/place-add.nl\/de\/produkt\/erfrischungstuecher-7-x-14-cm\/#breadcrumb"},"inLanguage":"de","potentialAction":[{"@type":"ReadAction","target":["https:\/\/place-add.nl\/de\/produkt\/erfrischungstuecher-7-x-14-cm\/"]}]},{"@type":"ImageObject","inLanguage":"de","@id":"https:\/\/place-add.nl\/de\/produkt\/erfrischungstuecher-7-x-14-cm\/#primaryimage","url":"https:\/\/place-add.nl\/wp-content\/uploads\/2025\/05\/verfrissingdoekjes-steakhouse-7-14-cm-2.jpg","contentUrl":"https:\/\/place-add.nl\/wp-content\/uploads\/2025\/05\/verfrissingdoekjes-steakhouse-7-14-cm-2.jpg","width":800,"height":800},{"@type":"BreadcrumbList","@id":"https:\/\/place-add.nl\/de\/produkt\/erfrischungstuecher-7-x-14-cm\/#breadcrumb","itemListElement":[{"@type":"ListItem","position":1,"name":"Home","item":"https:\/\/place-add.nl\/de\/home\/"},{"@type":"ListItem","position":2,"name":"Shop","item":"https:\/\/place-add.nl\/de\/shop\/"},{"@type":"ListItem","position":3,"name":"Erfrischungst\u00fccher 7 x 14 cm"}]},{"@type":"WebSite","@id":"https:\/\/place-add.nl\/de\/#website","url":"https:\/\/place-add.nl\/de\/","name":"Place Add","description":"Tafelkleding voor de horeca","publisher":{"@id":"https:\/\/place-add.nl\/de\/#organization"},"potentialAction":[{"@type":"SearchAction","target":{"@type":"EntryPoint","urlTemplate":"https:\/\/place-add.nl\/de\/?s={search_term_string}"},"query-input":{"@type":"PropertyValueSpecification","valueRequired":true,"valueName":"search_term_string"}}],"inLanguage":"de"},{"@type":"Organization","@id":"https:\/\/place-add.nl\/de\/#organization","name":"Place Add","url":"https:\/\/place-add.nl\/de\/","logo":{"@type":"ImageObject","inLanguage":"de","@id":"https:\/\/place-add.nl\/de\/#\/schema\/logo\/image\/","url":"https:\/\/place-add.nl\/wp-content\/uploads\/2023\/11\/logo-img-place-add.png","contentUrl":"https:\/\/place-add.nl\/wp-content\/uploads\/2023\/11\/logo-img-place-add.png","width":404,"height":106,"caption":"Place Add"},"image":{"@id":"https:\/\/place-add.nl\/de\/#\/schema\/logo\/image\/"},"sameAs":["https:\/\/www.facebook.com\/PlaceAdd\/","https:\/\/www.instagram.com\/place_add\/","https:\/\/www.youtube.com\/@placeadd"]}]}},"_links":{"self":[{"href":"https:\/\/place-add.nl\/de\/wp-json\/wp\/v2\/product\/46789","targetHints":{"allow":["GET"]}}],"collection":[{"href":"https:\/\/place-add.nl\/de\/wp-json\/wp\/v2\/product"}],"about":[{"href":"https:\/\/place-add.nl\/de\/wp-json\/wp\/v2\/types\/product"}],"wp:featuredmedia":[{"embeddable":true,"href":"https:\/\/place-add.nl\/de\/wp-json\/wp\/v2\/media\/46652"}],"wp:attachment":[{"href":"https:\/\/place-add.nl\/de\/wp-json\/wp\/v2\/media?parent=46789"}],"wp:term":[{"taxonomy":"product_brand","embeddable":true,"href":"https:\/\/place-add.nl\/de\/wp-json\/wp\/v2\/product_brand?post=46789"},{"taxonomy":"product_cat","embeddable":true,"href":"https:\/\/place-add.nl\/de\/wp-json\/wp\/v2\/product_cat?post=46789"},{"taxonomy":"product_tag","embeddable":true,"href":"https:\/\/place-add.nl\/de\/wp-json\/wp\/v2\/product_tag?post=46789"}],"curies":[{"name":"wp","href":"https:\/\/api.w.org\/{rel}","templated":true}]}}