{"id":46796,"date":"2024-06-17T19:33:47","date_gmt":"2024-06-17T19:33:47","guid":{"rendered":"https:\/\/place-add.nl\/product\/classic-bestekzakjes-bedrukt\/"},"modified":"2025-08-29T13:40:27","modified_gmt":"2025-08-29T13:40:27","slug":"bestecktaschchen-mit-druck","status":"publish","type":"product","link":"https:\/\/place-add.nl\/de\/produkt\/bestecktaschchen-mit-druck\/","title":{"rendered":"Bestecktaschen Classic mit Druck"},"content":{"rendered":"<p>Die bedruckten Classic Besteckt\u00e4schchen haben ein klassisches Format von 8,5 x 20 cm und enthalten eine zweilagige Zellstoffserviette von 23 x 39 cm, die eine stabile und absorbierende Grundlage f\u00fcr Ihr Besteck bietet. Mit einem Full-Color-Druck k\u00f6nnen Sie das Design ganz nach Wunsch anpassen und aus einer breiten Palette von Serviettenfarben w\u00e4hlen, sodass Ihre Besteckt\u00e4schchen perfekt zum Erscheinungsbild Ihres Betriebs passen.<\/p>\n<p>Unsere bedruckten Besteckt\u00e4schchen sind bereits ab 6.000 St\u00fcck erh\u00e4ltlich, mit einer Lieferzeit von in der Regel 5 bis 6 Wochen. Wir bieten eine zuverl\u00e4ssige und kosteneffiziente L\u00f6sung f\u00fcr Ihre gastronomischen Bed\u00fcrfnisse.<\/p>\n<p>Bald k\u00f6nnen Sie Ihr Besteckt\u00e4schchen selbst \u00fcber unseren Servietten-Konfigurator gestalten. Sehen Sie sich alle Staffelpreise an und bestellen Sie jetzt \u00fcber den untenstehenden Button.<\/p>\n<p>Ben\u00f6tigen Sie Servietten in kurzer Zeit? Bestellen Sie Ihre Besteckt\u00e4schchen mit vorbedruckten Texten!<\/p>\n<p>Ben\u00f6tigen Sie pers\u00f6nliche Beratung bei der Auswahl der richtigen Servietten f\u00fcr Ihre Veranstaltung? Kontaktieren Sie uns gerne. Unser engagiertes Team steht bereit, Ihnen bei der Auswahl der perfekten Servietten f\u00fcr Ihre speziellen Bed\u00fcrfnisse zu helfen.<\/p>\n<p><button id=\"knop-contact-opnemen-overige-producten-de\">Kontaktieren Sie uns unverbindlich<\/button><\/p>\n","protected":false},"excerpt":{"rendered":"<p class=\"ai-optimize-37\">Seit \u00fcber 25 Jahren sind wir der stolze Lieferant von Besteckt\u00e4schchen f\u00fcr die Gastronomie! Schon bei einer Abnahme von 6.000 St\u00fcck, ohne versteckte Kosten, bieten wir eine kosteng\u00fcnstige und pers\u00f6nliche L\u00f6sung f\u00fcr Ihr Gastronomiebetrieb. Unsere bedruckten Besteckt\u00e4schchen sind sogar g\u00fcnstiger als die unbedruckten Varianten bei Gro\u00dfh\u00e4ndlern.<\/p>\n<p class=\"ai-optimize-38\">Die Besteckt\u00e4schchen haben ein klassisches Format von 8,5 x 20 cm und enthalten eine zweilagige Zellstoffserviette von 23 x 39 cm. Mit einem Full-Color-Druck k\u00f6nnen Sie das Design vollst\u00e4ndig selbst bestimmen. Zus\u00e4tzlich k\u00f6nnen Sie aus einer breiten Palette von Serviettenfarben w\u00e4hlen.<\/p>\n<p class=\"ai-optimize-39\">Die bedruckten Besteckt\u00e4schchen sind bereits ab 6.000 St\u00fcck erh\u00e4ltlich und haben eine Lieferzeit von in der Regel 5 bis 6 Wochen.<\/p>\n<p><strong>Preise MIT Versandkosten.\u00a0<\/strong><\/p>\n<p><a class=\"button-custom-product\" href=\"https:\/\/place-add.nl\/wp-content\/uploads\/2025\/08\/Preisliste-bestecktaschen-Classic-DE-8-2025.pdf\" target=\"_blank\" rel=\"noopener\">Gehen Sie zu den Preisen<\/a> \u00a0<button id=\"knop-contact-opnemen-overige-producten-de\">Kontaktieren Sie uns unverbindlich<\/button><\/p>\n","protected":false},"featured_media":40172,"template":"","meta":[],"product_brand":[],"product_cat":[1411],"product_tag":[1190,1191,1274,1259,1278],"class_list":{"0":"post-46796","1":"product","2":"type-product","3":"status-publish","4":"has-post-thumbnail","6":"product_cat-papier-bestecktasche","7":"product_tag-bestecktaschen-mit-2-lagiger-serviette","8":"product_tag-bestecktaschen-mit-zellstoffserviette","9":"product_tag-bestecktaschen-papier","10":"product_tag-classic-bestecktaschen","11":"product_tag-full-color-bestecktaschen","13":"first","14":"instock","15":"taxable","16":"shipping-taxable","17":"product-type-simple"},"yoast_head":"<!-- This site is optimized with the Yoast SEO Premium plugin v27.2 (Yoast SEO v27.2) - https:\/\/yoast.com\/product\/yoast-seo-premium-wordpress\/ -->\n<title>Bestecktaschen Classic mit Aufdruck | Place Add | F\u00fcr die Gastronomie<\/title>\n<meta name=\"description\" content=\"Seit 25 Jahren liefern wir bedruckte Classic Besteckt\u00e4schchen f\u00fcr die Gastronomie. W\u00e4hlen Sie Ihr eigenes Design und Serviettenfarbe ab 6.000 St\u00fcck.\" \/>\n<meta name=\"robots\" content=\"index, follow, max-snippet:-1, max-image-preview:large, max-video-preview:-1\" \/>\n<link rel=\"canonical\" href=\"https:\/\/place-add.nl\/de\/produkt\/bestecktaschchen-mit-druck\/\" \/>\n<meta property=\"og:locale\" content=\"de_DE\" \/>\n<meta property=\"og:type\" content=\"article\" \/>\n<meta property=\"og:title\" content=\"Bestecktaschen Classic mit Druck\" \/>\n<meta property=\"og:description\" content=\"Seit 25 Jahren liefern wir bedruckte Classic Besteckt\u00e4schchen f\u00fcr die Gastronomie. W\u00e4hlen Sie Ihr eigenes Design und Serviettenfarbe ab 6.000 St\u00fcck.\" \/>\n<meta property=\"og:url\" content=\"https:\/\/place-add.nl\/de\/produkt\/bestecktaschchen-mit-druck\/\" \/>\n<meta property=\"og:site_name\" content=\"Place Add\" \/>\n<meta property=\"article:publisher\" content=\"https:\/\/www.facebook.com\/PlaceAdd\/\" \/>\n<meta property=\"article:modified_time\" content=\"2025-08-29T13:40:27+00:00\" \/>\n<meta property=\"og:image\" content=\"https:\/\/place-add.nl\/wp-content\/uploads\/2024\/06\/servetbedrukt_BESTEKZAKJE_CLAS_Place_Add_4-2.jpg\" \/>\n\t<meta property=\"og:image:width\" content=\"800\" \/>\n\t<meta property=\"og:image:height\" content=\"800\" \/>\n\t<meta property=\"og:image:type\" content=\"image\/jpeg\" \/>\n<meta name=\"twitter:card\" content=\"summary_large_image\" \/>\n<meta name=\"twitter:label1\" content=\"Gesch\u00e4tzte Lesezeit\" \/>\n\t<meta name=\"twitter:data1\" content=\"2\u00a0Minuten\" \/>\n<script type=\"application\/ld+json\" class=\"yoast-schema-graph\">{\"@context\":\"https:\/\/schema.org\",\"@graph\":[{\"@type\":\"WebPage\",\"@id\":\"https:\/\/place-add.nl\/de\/produkt\/bestecktaschchen-mit-druck\/\",\"url\":\"https:\/\/place-add.nl\/de\/produkt\/bestecktaschchen-mit-druck\/\",\"name\":\"Bestecktaschen Classic mit Aufdruck | Place Add | F\u00fcr die Gastronomie\",\"isPartOf\":{\"@id\":\"https:\/\/place-add.nl\/de\/#website\"},\"primaryImageOfPage\":{\"@id\":\"https:\/\/place-add.nl\/de\/produkt\/bestecktaschchen-mit-druck\/#primaryimage\"},\"image\":{\"@id\":\"https:\/\/place-add.nl\/de\/produkt\/bestecktaschchen-mit-druck\/#primaryimage\"},\"thumbnailUrl\":\"https:\/\/place-add.nl\/wp-content\/uploads\/2024\/06\/servetbedrukt_BESTEKZAKJE_CLAS_Place_Add_4-2.jpg\",\"datePublished\":\"2024-06-17T19:33:47+00:00\",\"dateModified\":\"2025-08-29T13:40:27+00:00\",\"description\":\"Seit 25 Jahren liefern wir bedruckte Classic Besteckt\u00e4schchen f\u00fcr die Gastronomie. W\u00e4hlen Sie Ihr eigenes Design und Serviettenfarbe ab 6.000 St\u00fcck.\",\"breadcrumb\":{\"@id\":\"https:\/\/place-add.nl\/de\/produkt\/bestecktaschchen-mit-druck\/#breadcrumb\"},\"inLanguage\":\"de\",\"potentialAction\":[{\"@type\":\"ReadAction\",\"target\":[\"https:\/\/place-add.nl\/de\/produkt\/bestecktaschchen-mit-druck\/\"]}]},{\"@type\":\"ImageObject\",\"inLanguage\":\"de\",\"@id\":\"https:\/\/place-add.nl\/de\/produkt\/bestecktaschchen-mit-druck\/#primaryimage\",\"url\":\"https:\/\/place-add.nl\/wp-content\/uploads\/2024\/06\/servetbedrukt_BESTEKZAKJE_CLAS_Place_Add_4-2.jpg\",\"contentUrl\":\"https:\/\/place-add.nl\/wp-content\/uploads\/2024\/06\/servetbedrukt_BESTEKZAKJE_CLAS_Place_Add_4-2.jpg\",\"width\":800,\"height\":800,\"caption\":\"Classic bestekzakjes bedrukt\"},{\"@type\":\"BreadcrumbList\",\"@id\":\"https:\/\/place-add.nl\/de\/produkt\/bestecktaschchen-mit-druck\/#breadcrumb\",\"itemListElement\":[{\"@type\":\"ListItem\",\"position\":1,\"name\":\"Home\",\"item\":\"https:\/\/place-add.nl\/de\/home\/\"},{\"@type\":\"ListItem\",\"position\":2,\"name\":\"Shop\",\"item\":\"https:\/\/place-add.nl\/de\/shop\/\"},{\"@type\":\"ListItem\",\"position\":3,\"name\":\"Bestecktaschen Classic mit Druck\"}]},{\"@type\":\"WebSite\",\"@id\":\"https:\/\/place-add.nl\/de\/#website\",\"url\":\"https:\/\/place-add.nl\/de\/\",\"name\":\"Place Add\",\"description\":\"Tafelkleding voor de horeca\",\"publisher\":{\"@id\":\"https:\/\/place-add.nl\/de\/#organization\"},\"potentialAction\":[{\"@type\":\"SearchAction\",\"target\":{\"@type\":\"EntryPoint\",\"urlTemplate\":\"https:\/\/place-add.nl\/de\/?s={search_term_string}\"},\"query-input\":{\"@type\":\"PropertyValueSpecification\",\"valueRequired\":true,\"valueName\":\"search_term_string\"}}],\"inLanguage\":\"de\"},{\"@type\":\"Organization\",\"@id\":\"https:\/\/place-add.nl\/de\/#organization\",\"name\":\"Place Add\",\"url\":\"https:\/\/place-add.nl\/de\/\",\"logo\":{\"@type\":\"ImageObject\",\"inLanguage\":\"de\",\"@id\":\"https:\/\/place-add.nl\/de\/#\/schema\/logo\/image\/\",\"url\":\"https:\/\/place-add.nl\/wp-content\/uploads\/2023\/11\/logo-img-place-add.png\",\"contentUrl\":\"https:\/\/place-add.nl\/wp-content\/uploads\/2023\/11\/logo-img-place-add.png\",\"width\":404,\"height\":106,\"caption\":\"Place Add\"},\"image\":{\"@id\":\"https:\/\/place-add.nl\/de\/#\/schema\/logo\/image\/\"},\"sameAs\":[\"https:\/\/www.facebook.com\/PlaceAdd\/\",\"https:\/\/www.instagram.com\/place_add\/\",\"https:\/\/www.youtube.com\/@placeadd\"]}]}<\/script>\n<!-- \/ Yoast SEO Premium plugin. -->","yoast_head_json":{"title":"Bestecktaschen Classic mit Aufdruck | Place Add | F\u00fcr die Gastronomie","description":"Seit 25 Jahren liefern wir bedruckte Classic Besteckt\u00e4schchen f\u00fcr die Gastronomie. W\u00e4hlen Sie Ihr eigenes Design und Serviettenfarbe ab 6.000 St\u00fcck.","robots":{"index":"index","follow":"follow","max-snippet":"max-snippet:-1","max-image-preview":"max-image-preview:large","max-video-preview":"max-video-preview:-1"},"canonical":"https:\/\/place-add.nl\/de\/produkt\/bestecktaschchen-mit-druck\/","og_locale":"de_DE","og_type":"article","og_title":"Bestecktaschen Classic mit Druck","og_description":"Seit 25 Jahren liefern wir bedruckte Classic Besteckt\u00e4schchen f\u00fcr die Gastronomie. W\u00e4hlen Sie Ihr eigenes Design und Serviettenfarbe ab 6.000 St\u00fcck.","og_url":"https:\/\/place-add.nl\/de\/produkt\/bestecktaschchen-mit-druck\/","og_site_name":"Place Add","article_publisher":"https:\/\/www.facebook.com\/PlaceAdd\/","article_modified_time":"2025-08-29T13:40:27+00:00","og_image":[{"width":800,"height":800,"url":"https:\/\/place-add.nl\/wp-content\/uploads\/2024\/06\/servetbedrukt_BESTEKZAKJE_CLAS_Place_Add_4-2.jpg","type":"image\/jpeg"}],"twitter_card":"summary_large_image","twitter_misc":{"Gesch\u00e4tzte Lesezeit":"2\u00a0Minuten"},"schema":{"@context":"https:\/\/schema.org","@graph":[{"@type":"WebPage","@id":"https:\/\/place-add.nl\/de\/produkt\/bestecktaschchen-mit-druck\/","url":"https:\/\/place-add.nl\/de\/produkt\/bestecktaschchen-mit-druck\/","name":"Bestecktaschen Classic mit Aufdruck | Place Add | F\u00fcr die Gastronomie","isPartOf":{"@id":"https:\/\/place-add.nl\/de\/#website"},"primaryImageOfPage":{"@id":"https:\/\/place-add.nl\/de\/produkt\/bestecktaschchen-mit-druck\/#primaryimage"},"image":{"@id":"https:\/\/place-add.nl\/de\/produkt\/bestecktaschchen-mit-druck\/#primaryimage"},"thumbnailUrl":"https:\/\/place-add.nl\/wp-content\/uploads\/2024\/06\/servetbedrukt_BESTEKZAKJE_CLAS_Place_Add_4-2.jpg","datePublished":"2024-06-17T19:33:47+00:00","dateModified":"2025-08-29T13:40:27+00:00","description":"Seit 25 Jahren liefern wir bedruckte Classic Besteckt\u00e4schchen f\u00fcr die Gastronomie. W\u00e4hlen Sie Ihr eigenes Design und Serviettenfarbe ab 6.000 St\u00fcck.","breadcrumb":{"@id":"https:\/\/place-add.nl\/de\/produkt\/bestecktaschchen-mit-druck\/#breadcrumb"},"inLanguage":"de","potentialAction":[{"@type":"ReadAction","target":["https:\/\/place-add.nl\/de\/produkt\/bestecktaschchen-mit-druck\/"]}]},{"@type":"ImageObject","inLanguage":"de","@id":"https:\/\/place-add.nl\/de\/produkt\/bestecktaschchen-mit-druck\/#primaryimage","url":"https:\/\/place-add.nl\/wp-content\/uploads\/2024\/06\/servetbedrukt_BESTEKZAKJE_CLAS_Place_Add_4-2.jpg","contentUrl":"https:\/\/place-add.nl\/wp-content\/uploads\/2024\/06\/servetbedrukt_BESTEKZAKJE_CLAS_Place_Add_4-2.jpg","width":800,"height":800,"caption":"Classic bestekzakjes bedrukt"},{"@type":"BreadcrumbList","@id":"https:\/\/place-add.nl\/de\/produkt\/bestecktaschchen-mit-druck\/#breadcrumb","itemListElement":[{"@type":"ListItem","position":1,"name":"Home","item":"https:\/\/place-add.nl\/de\/home\/"},{"@type":"ListItem","position":2,"name":"Shop","item":"https:\/\/place-add.nl\/de\/shop\/"},{"@type":"ListItem","position":3,"name":"Bestecktaschen Classic mit Druck"}]},{"@type":"WebSite","@id":"https:\/\/place-add.nl\/de\/#website","url":"https:\/\/place-add.nl\/de\/","name":"Place Add","description":"Tafelkleding voor de horeca","publisher":{"@id":"https:\/\/place-add.nl\/de\/#organization"},"potentialAction":[{"@type":"SearchAction","target":{"@type":"EntryPoint","urlTemplate":"https:\/\/place-add.nl\/de\/?s={search_term_string}"},"query-input":{"@type":"PropertyValueSpecification","valueRequired":true,"valueName":"search_term_string"}}],"inLanguage":"de"},{"@type":"Organization","@id":"https:\/\/place-add.nl\/de\/#organization","name":"Place Add","url":"https:\/\/place-add.nl\/de\/","logo":{"@type":"ImageObject","inLanguage":"de","@id":"https:\/\/place-add.nl\/de\/#\/schema\/logo\/image\/","url":"https:\/\/place-add.nl\/wp-content\/uploads\/2023\/11\/logo-img-place-add.png","contentUrl":"https:\/\/place-add.nl\/wp-content\/uploads\/2023\/11\/logo-img-place-add.png","width":404,"height":106,"caption":"Place Add"},"image":{"@id":"https:\/\/place-add.nl\/de\/#\/schema\/logo\/image\/"},"sameAs":["https:\/\/www.facebook.com\/PlaceAdd\/","https:\/\/www.instagram.com\/place_add\/","https:\/\/www.youtube.com\/@placeadd"]}]}},"_links":{"self":[{"href":"https:\/\/place-add.nl\/de\/wp-json\/wp\/v2\/product\/46796","targetHints":{"allow":["GET"]}}],"collection":[{"href":"https:\/\/place-add.nl\/de\/wp-json\/wp\/v2\/product"}],"about":[{"href":"https:\/\/place-add.nl\/de\/wp-json\/wp\/v2\/types\/product"}],"wp:featuredmedia":[{"embeddable":true,"href":"https:\/\/place-add.nl\/de\/wp-json\/wp\/v2\/media\/40172"}],"wp:attachment":[{"href":"https:\/\/place-add.nl\/de\/wp-json\/wp\/v2\/media?parent=46796"}],"wp:term":[{"taxonomy":"product_brand","embeddable":true,"href":"https:\/\/place-add.nl\/de\/wp-json\/wp\/v2\/product_brand?post=46796"},{"taxonomy":"product_cat","embeddable":true,"href":"https:\/\/place-add.nl\/de\/wp-json\/wp\/v2\/product_cat?post=46796"},{"taxonomy":"product_tag","embeddable":true,"href":"https:\/\/place-add.nl\/de\/wp-json\/wp\/v2\/product_tag?post=46796"}],"curies":[{"name":"wp","href":"https:\/\/api.w.org\/{rel}","templated":true}]}}