{"id":48621,"date":"2025-07-08T09:57:20","date_gmt":"2025-07-08T09:57:20","guid":{"rendered":"https:\/\/place-add.nl\/?post_type=product&#038;p=48621"},"modified":"2025-07-08T10:01:26","modified_gmt":"2025-07-08T10:01:26","slug":"jute-kopie","status":"publish","type":"product","link":"https:\/\/place-add.nl\/de\/produkt\/jute-kopie\/","title":{"rendered":"Jute (kopie)"},"content":{"rendered":"<p><strong>Jute Speisekarten<\/strong> sind die perfekte Wahl f\u00fcr Gastronomiebetriebe, die eine Kombination aus Langlebigkeit und einer nat\u00fcrlichen, stilvollen Optik suchen. Hergestellt aus robustem Jute und Kunststoff, bieten diese Speisekarten eine zeitlose \u00c4sthetik, die sowohl in modernen als auch klassischen Interieurs hervorragend zur Geltung kommt. Dank des rustikalen Charakters des Jute-Materials lassen sich die Jute-Speisekarten problemlos mit nat\u00fcrlichen Elementen wie Holz und Stahl kombinieren und schaffen so eine exklusive Atmosph\u00e4re f\u00fcr Ihre G\u00e4ste.<\/p>\n<p>Die Speisekarten sind so gestaltet, dass sie intensivem t\u00e4glichen Gebrauch sowohl drinnen als auch drau\u00dfen standhalten. Das Jute verleiht den Speisekarten eine nat\u00fcrliche Eleganz, w\u00e4hrend die Kunststoffbeschichtung zus\u00e4tzliche Stabilit\u00e4t und Schutz bietet. <strong>Dadurch sind die Jute Speisekarten nicht nur visuell \u00e4u\u00dferst ansprechend, sondern auch sehr funktional f\u00fcr stark frequentierte Gastronomiebetriebe<\/strong>. Au\u00dferdem sind sie leicht zu reinigen, was sie ideal f\u00fcr den Einsatz in unterschiedlichen Umgebungen macht \u2013 von stilvollen Restaurants bis zu gem\u00fctlichen Caf\u00e9s.<\/p>\n<p>Die Speisekarten sind in verschiedenen Formaten erh\u00e4ltlich, sodass Sie stets die passende Gr\u00f6\u00dfe f\u00fcr Ihre individuellen W\u00fcnsche und den Stil Ihres Unternehmens finden.<\/p>\n<p><strong>Unsere Jute-Speisekarten sind in den folgenden Formaten verf\u00fcgbar:<\/strong><\/p>\n<ul>\n<li><strong>A4<\/strong><\/li>\n<li><strong>A4 XL<\/strong><\/li>\n<li><strong>A4 Quadrat<\/strong><\/li>\n<li><strong>A4 Schmal<\/strong><\/li>\n<li><strong>A4 Halb<\/strong><\/li>\n<li><strong>A5<\/strong><\/li>\n<\/ul>\n<p>Mit dieser Formatvielfalt k\u00f6nnen Sie Ihr Men\u00fc so pr\u00e4sentieren, dass es perfekt zur Atmosph\u00e4re und zum Stil Ihres Gastronomiebetriebs passt. Egal, ob Sie ein kompaktes oder umfangreicheres Format bevorzugen \u2013 wir haben die passende L\u00f6sung f\u00fcr Sie.<\/p>\n<p>Vervollst\u00e4ndigen Sie das Gesamtbild mit einer passenden <strong><a href=\"https:\/\/place-add.nl\/de\/speisekarten\/speisekarten-nach-mass\/rechnungsordner\/\">Rechnungsmappe<\/a><\/strong>!<\/p>\n<p>Ben\u00f6tigen Sie Speisekarten kurzfristig? Besuchen Sie unsere zweite Website, <strong><a href=\"http:\/\/www.craftontable.com\/\">Craftontable.com<\/a><\/strong>, f\u00fcr Speisekarten mit weniger Personalisierungsoptionen und k\u00fcrzeren Lieferzeiten.<\/p>\n<p><strong>W\u00fcnschen Sie pers\u00f6nliche Beratung bei Ihrer Entscheidung? Z\u00f6gern Sie nicht, uns zu kontaktieren. Unser engagiertes Team steht bereit, um Sie bei der Auswahl der perfekten Men\u00fckarte f\u00fcr Ihr Unternehmen zu unterst\u00fctzen!<\/strong><\/p>\n<p><button id=\"knop-contact-opnemen-de\">Kontaktieren Sie uns unverbindlich<\/button><\/p>\n","protected":false},"excerpt":{"rendered":"<p>Unsere Jut -Speisekarten kombinieren das nat\u00fcrliche Aussehen von Jute mit der Haltbarkeit und Vielseitigkeit von Kunststoff. Diese Speisekarten sind sowohl f\u00fcr den Innen- als auch f\u00fcr den Au\u00dfenbereich geeignet und bieten eine zeitlose und stilvolle Pr\u00e4sentation f\u00fcr Ihre Speisekarten. Diese Speisekarten sind robust, leicht zu reinigen und halten dem t\u00e4glichen Gebrauch stand. Ihre langlebige Konstruktion sorgt daf\u00fcr, dass sie auch in stark frequentierten Gastronomiebetrieben lange halten.<\/p>\n<p><strong>Warum sollten Sie Jute-Speisekarten w\u00e4hlen?<\/strong><\/p>\n<ul>\n<li><strong>Nat\u00fcrliches Aussehen<\/strong>: Obwohl sie aus Kunststoff hergestellt sind, haben unsere Jute-Speisekarten ein sehr nat\u00fcrliches Aussehen, das perfekt zu einer Vielzahl von Gastronomiebetrieben passt.<\/li>\n<li><strong>F\u00fcr den Innen- und Au\u00dfenbereich geeignet<\/strong>: Diese robusten und wetterfesten Speisekarten sind sowohl f\u00fcr den Innen- als auch f\u00fcr den Au\u00dfenbereich geeignet.<\/li>\n<li><strong>Gro\u00dfe Farbauswahl<\/strong>: Obwohl die Farbe \u201eSand\u201c sehr beliebt ist, bieten wir eine breite Palette von Farboptionen an, um Ihren spezifischen Bed\u00fcrfnissen gerecht zu werden.<\/li>\n<\/ul>\n<p><strong>Erstellen Sie Ihr eigenes Men\u00fc im Konfigurator und sehen Sie sofort, welche Farben verf\u00fcgbar sind<\/strong><\/p>\n<div class=\"button-container\">\n<div style=\"float: left; margin-right: 10px;\"><a class=\"button-custom-product\" href=\"https:\/\/place-add.nl\/de\/menukaarten-op-maat-configurator-yuta\/\" target=\"_blank\" rel=\"noopener\">A4<\/a><\/div>\n<div style=\"float: left;\"><button id=\"knop-contact-opnemen-de\">Kontaktieren Sie uns unverbindlich<\/button><\/div>\n<\/div>\n","protected":false},"featured_media":37832,"template":"","meta":[],"product_brand":[],"product_cat":[1421,1442],"product_tag":[1198,1199,1200,1201,1202,1203,1224],"class_list":{"0":"post-48621","1":"product","2":"type-product","3":"status-publish","4":"has-post-thumbnail","6":"product_cat-jute-de","7":"product_cat-speisekarten-n-mas","8":"product_tag-maatwerk-menukaarten-de","9":"product_tag-menukaarten-de","10":"product_tag-menukaarten-horeca-de","11":"product_tag-menukaarten-kopen-de","12":"product_tag-menukaarten-op-maat-de","13":"product_tag-restaurant-menukaarten-de","14":"product_tag-speisekarten-aus-jute","16":"first","17":"instock","18":"taxable","19":"shipping-taxable","20":"product-type-simple"},"yoast_head":"<!-- This site is optimized with the Yoast SEO Premium plugin v27.2 (Yoast SEO v27.2) - https:\/\/yoast.com\/product\/yoast-seo-premium-wordpress\/ -->\n<title>Jute Speisekarten | Kaufen Sie Ihre Speisekarte bei Place Add<\/title>\n<meta name=\"description\" content=\"Jute Speisekarten : nat\u00fcrliches Aussehen, Haltbarkeit aus Kunststoff. Geeignet f\u00fcr den Innen- und Au\u00dfenbereich. Kaufen Sie Ihre Speisekarte bei Place Add!\" \/>\n<meta name=\"robots\" content=\"index, follow, max-snippet:-1, max-image-preview:large, max-video-preview:-1\" \/>\n<link rel=\"canonical\" href=\"https:\/\/place-add.nl\/de\/produkt\/jute-kopie\/\" \/>\n<meta property=\"og:locale\" content=\"de_DE\" \/>\n<meta property=\"og:type\" content=\"article\" \/>\n<meta property=\"og:title\" content=\"Jute (kopie)\" \/>\n<meta property=\"og:description\" content=\"Jute Speisekarten : nat\u00fcrliches Aussehen, Haltbarkeit aus Kunststoff. Geeignet f\u00fcr den Innen- und Au\u00dfenbereich. Kaufen Sie Ihre Speisekarte bei Place Add!\" \/>\n<meta property=\"og:url\" content=\"https:\/\/place-add.nl\/de\/produkt\/jute-kopie\/\" \/>\n<meta property=\"og:site_name\" content=\"Place Add\" \/>\n<meta property=\"article:publisher\" content=\"https:\/\/www.facebook.com\/PlaceAdd\/\" \/>\n<meta property=\"article:modified_time\" content=\"2025-07-08T10:01:26+00:00\" \/>\n<meta property=\"og:image\" content=\"https:\/\/place-add.nl\/wp-content\/uploads\/2024\/06\/TN-JUTE-MENUKAARTEN.jpg\" \/>\n\t<meta property=\"og:image:width\" content=\"800\" \/>\n\t<meta property=\"og:image:height\" content=\"800\" \/>\n\t<meta property=\"og:image:type\" content=\"image\/jpeg\" \/>\n<meta name=\"twitter:card\" content=\"summary_large_image\" \/>\n<meta name=\"twitter:label1\" content=\"Gesch\u00e4tzte Lesezeit\" \/>\n\t<meta name=\"twitter:data1\" content=\"2\u00a0Minuten\" \/>\n<script type=\"application\/ld+json\" class=\"yoast-schema-graph\">{\"@context\":\"https:\/\/schema.org\",\"@graph\":[{\"@type\":\"WebPage\",\"@id\":\"https:\/\/place-add.nl\/de\/produkt\/jute-kopie\/\",\"url\":\"https:\/\/place-add.nl\/de\/produkt\/jute-kopie\/\",\"name\":\"Jute Speisekarten | Kaufen Sie Ihre Speisekarte bei Place Add\",\"isPartOf\":{\"@id\":\"https:\/\/place-add.nl\/de\/#website\"},\"primaryImageOfPage\":{\"@id\":\"https:\/\/place-add.nl\/de\/produkt\/jute-kopie\/#primaryimage\"},\"image\":{\"@id\":\"https:\/\/place-add.nl\/de\/produkt\/jute-kopie\/#primaryimage\"},\"thumbnailUrl\":\"https:\/\/place-add.nl\/wp-content\/uploads\/2024\/06\/TN-JUTE-MENUKAARTEN.jpg\",\"datePublished\":\"2025-07-08T09:57:20+00:00\",\"dateModified\":\"2025-07-08T10:01:26+00:00\",\"description\":\"Jute Speisekarten : nat\u00fcrliches Aussehen, Haltbarkeit aus Kunststoff. Geeignet f\u00fcr den Innen- und Au\u00dfenbereich. Kaufen Sie Ihre Speisekarte bei Place Add!\",\"breadcrumb\":{\"@id\":\"https:\/\/place-add.nl\/de\/produkt\/jute-kopie\/#breadcrumb\"},\"inLanguage\":\"de\",\"potentialAction\":[{\"@type\":\"ReadAction\",\"target\":[\"https:\/\/place-add.nl\/de\/produkt\/jute-kopie\/\"]}]},{\"@type\":\"ImageObject\",\"inLanguage\":\"de\",\"@id\":\"https:\/\/place-add.nl\/de\/produkt\/jute-kopie\/#primaryimage\",\"url\":\"https:\/\/place-add.nl\/wp-content\/uploads\/2024\/06\/TN-JUTE-MENUKAARTEN.jpg\",\"contentUrl\":\"https:\/\/place-add.nl\/wp-content\/uploads\/2024\/06\/TN-JUTE-MENUKAARTEN.jpg\",\"width\":800,\"height\":800,\"caption\":\"Jute Menukaarten\"},{\"@type\":\"BreadcrumbList\",\"@id\":\"https:\/\/place-add.nl\/de\/produkt\/jute-kopie\/#breadcrumb\",\"itemListElement\":[{\"@type\":\"ListItem\",\"position\":1,\"name\":\"Home\",\"item\":\"https:\/\/place-add.nl\/de\/home\/\"},{\"@type\":\"ListItem\",\"position\":2,\"name\":\"Shop\",\"item\":\"https:\/\/place-add.nl\/de\/shop\/\"},{\"@type\":\"ListItem\",\"position\":3,\"name\":\"Jute (kopie)\"}]},{\"@type\":\"WebSite\",\"@id\":\"https:\/\/place-add.nl\/de\/#website\",\"url\":\"https:\/\/place-add.nl\/de\/\",\"name\":\"Place Add\",\"description\":\"Tafelkleding voor de horeca\",\"publisher\":{\"@id\":\"https:\/\/place-add.nl\/de\/#organization\"},\"potentialAction\":[{\"@type\":\"SearchAction\",\"target\":{\"@type\":\"EntryPoint\",\"urlTemplate\":\"https:\/\/place-add.nl\/de\/?s={search_term_string}\"},\"query-input\":{\"@type\":\"PropertyValueSpecification\",\"valueRequired\":true,\"valueName\":\"search_term_string\"}}],\"inLanguage\":\"de\"},{\"@type\":\"Organization\",\"@id\":\"https:\/\/place-add.nl\/de\/#organization\",\"name\":\"Place Add\",\"url\":\"https:\/\/place-add.nl\/de\/\",\"logo\":{\"@type\":\"ImageObject\",\"inLanguage\":\"de\",\"@id\":\"https:\/\/place-add.nl\/de\/#\/schema\/logo\/image\/\",\"url\":\"https:\/\/place-add.nl\/wp-content\/uploads\/2023\/11\/logo-img-place-add.png\",\"contentUrl\":\"https:\/\/place-add.nl\/wp-content\/uploads\/2023\/11\/logo-img-place-add.png\",\"width\":404,\"height\":106,\"caption\":\"Place Add\"},\"image\":{\"@id\":\"https:\/\/place-add.nl\/de\/#\/schema\/logo\/image\/\"},\"sameAs\":[\"https:\/\/www.facebook.com\/PlaceAdd\/\",\"https:\/\/www.instagram.com\/place_add\/\",\"https:\/\/www.youtube.com\/@placeadd\"]}]}<\/script>\n<!-- \/ Yoast SEO Premium plugin. -->","yoast_head_json":{"title":"Jute Speisekarten | Kaufen Sie Ihre Speisekarte bei Place Add","description":"Jute Speisekarten : nat\u00fcrliches Aussehen, Haltbarkeit aus Kunststoff. Geeignet f\u00fcr den Innen- und Au\u00dfenbereich. Kaufen Sie Ihre Speisekarte bei Place Add!","robots":{"index":"index","follow":"follow","max-snippet":"max-snippet:-1","max-image-preview":"max-image-preview:large","max-video-preview":"max-video-preview:-1"},"canonical":"https:\/\/place-add.nl\/de\/produkt\/jute-kopie\/","og_locale":"de_DE","og_type":"article","og_title":"Jute (kopie)","og_description":"Jute Speisekarten : nat\u00fcrliches Aussehen, Haltbarkeit aus Kunststoff. Geeignet f\u00fcr den Innen- und Au\u00dfenbereich. Kaufen Sie Ihre Speisekarte bei Place Add!","og_url":"https:\/\/place-add.nl\/de\/produkt\/jute-kopie\/","og_site_name":"Place Add","article_publisher":"https:\/\/www.facebook.com\/PlaceAdd\/","article_modified_time":"2025-07-08T10:01:26+00:00","og_image":[{"width":800,"height":800,"url":"https:\/\/place-add.nl\/wp-content\/uploads\/2024\/06\/TN-JUTE-MENUKAARTEN.jpg","type":"image\/jpeg"}],"twitter_card":"summary_large_image","twitter_misc":{"Gesch\u00e4tzte Lesezeit":"2\u00a0Minuten"},"schema":{"@context":"https:\/\/schema.org","@graph":[{"@type":"WebPage","@id":"https:\/\/place-add.nl\/de\/produkt\/jute-kopie\/","url":"https:\/\/place-add.nl\/de\/produkt\/jute-kopie\/","name":"Jute Speisekarten | Kaufen Sie Ihre Speisekarte bei Place Add","isPartOf":{"@id":"https:\/\/place-add.nl\/de\/#website"},"primaryImageOfPage":{"@id":"https:\/\/place-add.nl\/de\/produkt\/jute-kopie\/#primaryimage"},"image":{"@id":"https:\/\/place-add.nl\/de\/produkt\/jute-kopie\/#primaryimage"},"thumbnailUrl":"https:\/\/place-add.nl\/wp-content\/uploads\/2024\/06\/TN-JUTE-MENUKAARTEN.jpg","datePublished":"2025-07-08T09:57:20+00:00","dateModified":"2025-07-08T10:01:26+00:00","description":"Jute Speisekarten : nat\u00fcrliches Aussehen, Haltbarkeit aus Kunststoff. Geeignet f\u00fcr den Innen- und Au\u00dfenbereich. Kaufen Sie Ihre Speisekarte bei Place Add!","breadcrumb":{"@id":"https:\/\/place-add.nl\/de\/produkt\/jute-kopie\/#breadcrumb"},"inLanguage":"de","potentialAction":[{"@type":"ReadAction","target":["https:\/\/place-add.nl\/de\/produkt\/jute-kopie\/"]}]},{"@type":"ImageObject","inLanguage":"de","@id":"https:\/\/place-add.nl\/de\/produkt\/jute-kopie\/#primaryimage","url":"https:\/\/place-add.nl\/wp-content\/uploads\/2024\/06\/TN-JUTE-MENUKAARTEN.jpg","contentUrl":"https:\/\/place-add.nl\/wp-content\/uploads\/2024\/06\/TN-JUTE-MENUKAARTEN.jpg","width":800,"height":800,"caption":"Jute Menukaarten"},{"@type":"BreadcrumbList","@id":"https:\/\/place-add.nl\/de\/produkt\/jute-kopie\/#breadcrumb","itemListElement":[{"@type":"ListItem","position":1,"name":"Home","item":"https:\/\/place-add.nl\/de\/home\/"},{"@type":"ListItem","position":2,"name":"Shop","item":"https:\/\/place-add.nl\/de\/shop\/"},{"@type":"ListItem","position":3,"name":"Jute (kopie)"}]},{"@type":"WebSite","@id":"https:\/\/place-add.nl\/de\/#website","url":"https:\/\/place-add.nl\/de\/","name":"Place Add","description":"Tafelkleding voor de horeca","publisher":{"@id":"https:\/\/place-add.nl\/de\/#organization"},"potentialAction":[{"@type":"SearchAction","target":{"@type":"EntryPoint","urlTemplate":"https:\/\/place-add.nl\/de\/?s={search_term_string}"},"query-input":{"@type":"PropertyValueSpecification","valueRequired":true,"valueName":"search_term_string"}}],"inLanguage":"de"},{"@type":"Organization","@id":"https:\/\/place-add.nl\/de\/#organization","name":"Place Add","url":"https:\/\/place-add.nl\/de\/","logo":{"@type":"ImageObject","inLanguage":"de","@id":"https:\/\/place-add.nl\/de\/#\/schema\/logo\/image\/","url":"https:\/\/place-add.nl\/wp-content\/uploads\/2023\/11\/logo-img-place-add.png","contentUrl":"https:\/\/place-add.nl\/wp-content\/uploads\/2023\/11\/logo-img-place-add.png","width":404,"height":106,"caption":"Place Add"},"image":{"@id":"https:\/\/place-add.nl\/de\/#\/schema\/logo\/image\/"},"sameAs":["https:\/\/www.facebook.com\/PlaceAdd\/","https:\/\/www.instagram.com\/place_add\/","https:\/\/www.youtube.com\/@placeadd"]}]}},"_links":{"self":[{"href":"https:\/\/place-add.nl\/de\/wp-json\/wp\/v2\/product\/48621","targetHints":{"allow":["GET"]}}],"collection":[{"href":"https:\/\/place-add.nl\/de\/wp-json\/wp\/v2\/product"}],"about":[{"href":"https:\/\/place-add.nl\/de\/wp-json\/wp\/v2\/types\/product"}],"wp:featuredmedia":[{"embeddable":true,"href":"https:\/\/place-add.nl\/de\/wp-json\/wp\/v2\/media\/37832"}],"wp:attachment":[{"href":"https:\/\/place-add.nl\/de\/wp-json\/wp\/v2\/media?parent=48621"}],"wp:term":[{"taxonomy":"product_brand","embeddable":true,"href":"https:\/\/place-add.nl\/de\/wp-json\/wp\/v2\/product_brand?post=48621"},{"taxonomy":"product_cat","embeddable":true,"href":"https:\/\/place-add.nl\/de\/wp-json\/wp\/v2\/product_cat?post=48621"},{"taxonomy":"product_tag","embeddable":true,"href":"https:\/\/place-add.nl\/de\/wp-json\/wp\/v2\/product_tag?post=48621"}],"curies":[{"name":"wp","href":"https:\/\/api.w.org\/{rel}","templated":true}]}}