{"id":48679,"date":"2025-07-08T12:12:03","date_gmt":"2025-07-08T12:12:03","guid":{"rendered":"https:\/\/place-add.nl\/?post_type=product&#038;p=48679"},"modified":"2025-09-14T13:12:16","modified_gmt":"2025-09-14T13:12:16","slug":"soft-touch-kopie-2","status":"publish","type":"product","link":"https:\/\/place-add.nl\/de\/produkt\/soft-touch-kopie-2\/","title":{"rendered":"Soft Touch (kopie)"},"content":{"rendered":"<p><strong>Soft Touch Kunstleder Speisekarten<\/strong> vereinen Langlebigkeit mit Erschwinglichkeit und sind somit die ideale Wahl f\u00fcr Gastronomiebetriebe, die eine stilvolle und zuverl\u00e4ssige L\u00f6sung suchen. Hergestellt aus hochwertigem Kunstleder bieten die Soft Touch-Kunstleder-Speisekarten nicht nur ein luxuri\u00f6ses Erscheinungsbild, sondern sind auch f\u00fcr eine lange Lebensdauer konzipiert. Das weiche, hochwertige Kunstledermaterial sorgt f\u00fcr eine edle Optik und Haptik. So wird Ihr Men\u00fc auf elegante Weise pr\u00e4sentiert.<\/p>\n<p>Die Soft Touch Kunstleder Speisekarten sind <strong>in verschiedenen Farben erh\u00e4ltlich<\/strong> und k\u00f6nnen mit Ihrem eigenen Logo oder Design personalisiert werden. Diese M\u00f6glichkeit zur Personalisierung sorgt daf\u00fcr, dass Ihre Speisekarten perfekt zum Stil Ihres Restaurants, Caf\u00e9s oder Bistros passen und einen bleibenden Eindruck bei Ihren G\u00e4sten hinterlassen. Unsere Soft Touch-Speisekarten sind in verschiedenen Formaten erh\u00e4ltlich, sodass Sie immer die passende Gr\u00f6\u00dfe finden, die Ihren Anforderungen entspricht.<br \/>\nSie k\u00f6nnen aus folgenden Formaten w\u00e4hlen:<\/p>\n<ul>\n<li><strong>A4<\/strong><\/li>\n<li><strong>A4 XL<\/strong><\/li>\n<li><strong>A4 Quadrat<\/strong><\/li>\n<li><strong>A4 Schmal<\/strong><\/li>\n<li><strong>A4 Halb<\/strong><\/li>\n<li><strong>A5<\/strong><\/li>\n<\/ul>\n<p>Egal, ob Sie ein umfangreiches Men\u00fc oder eine kompaktere Karte pr\u00e4sentieren m\u00f6chten, bei uns finden Sie stets die passende Men\u00fckarte.<\/p>\n<p>Um die Soft Touch-Kunstleder-Speisekarten noch besser f\u00fcr den Einsatz auf der Terrasse zu machen, k\u00f6nnen Sie sich f\u00fcr einen Kunststoff- oder Holzkern entscheiden. Diese Materialien bieten zus\u00e4tzliche Stabilit\u00e4t und machen die Speisekarten wetterbest\u00e4ndig. Ob Regen oder Sonnenschein \u2013 Ihre Speisekarten bleiben stets in einwandfreiem Zustand und behalten ihr stilvolles Erscheinungsbild.<\/p>\n<p>Neben verschiedenen Arten von Kunstleder-Speisekarten bieten wir auch <strong><a href=\"https:\/\/place-add.nl\/de\/produkt\/tischsets-pvc-print\/\">Kunstleder-PVC-Drucke<\/a><\/strong> und <strong><a href=\"https:\/\/place-add.nl\/product\/placemats-pvc-jute\/\">PVC-Jute-Tischsets<\/a><\/strong> an. Ben\u00f6tigen Sie Speisekarten in kurzer Zeit? Besuchen Sie unsere zweite Website, Craftontable.com, f\u00fcr schnelle Lieferoptionen.<\/p>\n<p><strong>Ben\u00f6tigen Sie pers\u00f6nliche Beratung? Unser engagiertes Team steht Ihnen jederzeit zur Verf\u00fcgung, um Ihnen eine pers\u00f6nliche Beratung zu bieten und Ihnen bei der Auswahl der besten Option f\u00fcr Ihr Unternehmen zu helfen.<\/strong><\/p>\n<p><button id=\"knop-contact-opnemen-de\">Kontaktieren Sie uns unverbindlich<\/button><\/p>\n","protected":false},"excerpt":{"rendered":"<p>Unsere <strong>Soft Touch Speisekarten<\/strong> bieten ein gutes Gleichgewicht zwischen Solidit\u00e4t und Erschwinglichkeit. Die aus hochwertigem Kunstleder gefertigten Speisekarten sind sowohl langlebig als auch stilvoll. Mit verschiedenen Farboptionen und der M\u00f6glichkeit der Personalisierung sind sie ideal f\u00fcr alle Gastst\u00e4tten, die eine zuverl\u00e4ssige und elegante Pr\u00e4sentation ihrer Speisekarte w\u00fcnschen.<\/p>\n<p><strong>Warum sollten Sie sich f\u00fcr Speisekarten aus Softtouch-Kunstleder entscheiden?<\/strong><\/p>\n<ul>\n<li><strong>Hochwertiges Kunstleder<\/strong>: Langlebig und pflegeleicht, mit einem luxuri\u00f6sen Aussehen.<\/li>\n<li><strong>Verschiedene Farboptionen<\/strong>: W\u00e4hlen Sie aus verschiedenen Farben, die perfekt zum Stil Ihres Unternehmens passen.<\/li>\n<li><strong>Personalisierung<\/strong>: Kombinieren Sie Klickdruck mit Siebdruck f\u00fcr ein einzigartiges Ergebnis.<\/li>\n<\/ul>\n<p>Erstellen Sie Ihr eigenes Men\u00fc im Konfigurator und sehen Sie sofort, welche Farben m\u00f6glich sind.<\/p>\n<p><a class=\"button-custom-product\" href=\"https:\/\/place-add.nl\/de\/konfigurator-kunstleder-soft-touch\/\" target=\"_blank\" rel=\"noopener\">A4<\/a> \u00a0<button id=\"knop-contact-opnemen-de\">Kontaktieren Sie uns unverbindlich<\/button><\/p>\n","protected":false},"featured_media":37857,"template":"","meta":[],"product_brand":[],"product_cat":[1422],"product_tag":[1198,1199,1200,1201,1202,1203,1167],"class_list":{"0":"post-48679","1":"product","2":"type-product","3":"status-publish","4":"has-post-thumbnail","6":"product_cat-kunstleder-de","7":"product_tag-maatwerk-menukaarten-de","8":"product_tag-menukaarten-de","9":"product_tag-menukaarten-horeca-de","10":"product_tag-menukaarten-kopen-de","11":"product_tag-menukaarten-op-maat-de","12":"product_tag-restaurant-menukaarten-de","13":"product_tag-soft-touch-speisekarten","15":"first","16":"instock","17":"taxable","18":"shipping-taxable","19":"product-type-simple"},"yoast_head":"<!-- This site is optimized with the Yoast SEO Premium plugin v27.2 (Yoast SEO v27.2) - https:\/\/yoast.com\/product\/yoast-seo-premium-wordpress\/ -->\n<title>Soft Touch Kunstleder Speisekarten | Place Add | Gastronomie<\/title>\n<meta name=\"description\" content=\"Soft Touch Kunstleder Speisekarte: langlebig, stilvoll und erschwinglich. W\u00e4hlen Sie aus verschiedenen Farben und Optionen.\" \/>\n<meta name=\"robots\" content=\"index, follow, max-snippet:-1, max-image-preview:large, max-video-preview:-1\" \/>\n<link rel=\"canonical\" href=\"https:\/\/place-add.nl\/de\/produkt\/soft-touch-kopie-2\/\" \/>\n<meta property=\"og:locale\" content=\"de_DE\" \/>\n<meta property=\"og:type\" content=\"article\" \/>\n<meta property=\"og:title\" content=\"Soft Touch (kopie)\" \/>\n<meta property=\"og:description\" content=\"Soft Touch Kunstleder Speisekarte: langlebig, stilvoll und erschwinglich. W\u00e4hlen Sie aus verschiedenen Farben und Optionen.\" \/>\n<meta property=\"og:url\" content=\"https:\/\/place-add.nl\/de\/produkt\/soft-touch-kopie-2\/\" \/>\n<meta property=\"og:site_name\" content=\"Place Add\" \/>\n<meta property=\"article:publisher\" content=\"https:\/\/www.facebook.com\/PlaceAdd\/\" \/>\n<meta property=\"article:modified_time\" content=\"2025-09-14T13:12:16+00:00\" \/>\n<meta property=\"og:image\" content=\"https:\/\/place-add.nl\/wp-content\/uploads\/2024\/06\/menukaarten-kunstleder-soft-touch.jpg\" \/>\n\t<meta property=\"og:image:width\" content=\"800\" \/>\n\t<meta property=\"og:image:height\" content=\"800\" \/>\n\t<meta property=\"og:image:type\" content=\"image\/jpeg\" \/>\n<meta name=\"twitter:card\" content=\"summary_large_image\" \/>\n<meta name=\"twitter:label1\" content=\"Gesch\u00e4tzte Lesezeit\" \/>\n\t<meta name=\"twitter:data1\" content=\"2\u00a0Minuten\" \/>\n<script type=\"application\/ld+json\" class=\"yoast-schema-graph\">{\"@context\":\"https:\/\/schema.org\",\"@graph\":[{\"@type\":\"WebPage\",\"@id\":\"https:\/\/place-add.nl\/de\/produkt\/soft-touch-kopie-2\/\",\"url\":\"https:\/\/place-add.nl\/de\/produkt\/soft-touch-kopie-2\/\",\"name\":\"Soft Touch Kunstleder Speisekarten | Place Add | Gastronomie\",\"isPartOf\":{\"@id\":\"https:\/\/place-add.nl\/de\/#website\"},\"primaryImageOfPage\":{\"@id\":\"https:\/\/place-add.nl\/de\/produkt\/soft-touch-kopie-2\/#primaryimage\"},\"image\":{\"@id\":\"https:\/\/place-add.nl\/de\/produkt\/soft-touch-kopie-2\/#primaryimage\"},\"thumbnailUrl\":\"https:\/\/place-add.nl\/wp-content\/uploads\/2024\/06\/menukaarten-kunstleder-soft-touch.jpg\",\"datePublished\":\"2025-07-08T12:12:03+00:00\",\"dateModified\":\"2025-09-14T13:12:16+00:00\",\"description\":\"Soft Touch Kunstleder Speisekarte: langlebig, stilvoll und erschwinglich. W\u00e4hlen Sie aus verschiedenen Farben und Optionen.\",\"breadcrumb\":{\"@id\":\"https:\/\/place-add.nl\/de\/produkt\/soft-touch-kopie-2\/#breadcrumb\"},\"inLanguage\":\"de\",\"potentialAction\":[{\"@type\":\"ReadAction\",\"target\":[\"https:\/\/place-add.nl\/de\/produkt\/soft-touch-kopie-2\/\"]}]},{\"@type\":\"ImageObject\",\"inLanguage\":\"de\",\"@id\":\"https:\/\/place-add.nl\/de\/produkt\/soft-touch-kopie-2\/#primaryimage\",\"url\":\"https:\/\/place-add.nl\/wp-content\/uploads\/2024\/06\/menukaarten-kunstleder-soft-touch.jpg\",\"contentUrl\":\"https:\/\/place-add.nl\/wp-content\/uploads\/2024\/06\/menukaarten-kunstleder-soft-touch.jpg\",\"width\":800,\"height\":800,\"caption\":\"Soft Touch kunstleder Menukaarten\"},{\"@type\":\"BreadcrumbList\",\"@id\":\"https:\/\/place-add.nl\/de\/produkt\/soft-touch-kopie-2\/#breadcrumb\",\"itemListElement\":[{\"@type\":\"ListItem\",\"position\":1,\"name\":\"Home\",\"item\":\"https:\/\/place-add.nl\/de\/home\/\"},{\"@type\":\"ListItem\",\"position\":2,\"name\":\"Shop\",\"item\":\"https:\/\/place-add.nl\/de\/shop\/\"},{\"@type\":\"ListItem\",\"position\":3,\"name\":\"Soft Touch (kopie)\"}]},{\"@type\":\"WebSite\",\"@id\":\"https:\/\/place-add.nl\/de\/#website\",\"url\":\"https:\/\/place-add.nl\/de\/\",\"name\":\"Place Add\",\"description\":\"Tafelkleding voor de horeca\",\"publisher\":{\"@id\":\"https:\/\/place-add.nl\/de\/#organization\"},\"potentialAction\":[{\"@type\":\"SearchAction\",\"target\":{\"@type\":\"EntryPoint\",\"urlTemplate\":\"https:\/\/place-add.nl\/de\/?s={search_term_string}\"},\"query-input\":{\"@type\":\"PropertyValueSpecification\",\"valueRequired\":true,\"valueName\":\"search_term_string\"}}],\"inLanguage\":\"de\"},{\"@type\":\"Organization\",\"@id\":\"https:\/\/place-add.nl\/de\/#organization\",\"name\":\"Place Add\",\"url\":\"https:\/\/place-add.nl\/de\/\",\"logo\":{\"@type\":\"ImageObject\",\"inLanguage\":\"de\",\"@id\":\"https:\/\/place-add.nl\/de\/#\/schema\/logo\/image\/\",\"url\":\"https:\/\/place-add.nl\/wp-content\/uploads\/2023\/11\/logo-img-place-add.png\",\"contentUrl\":\"https:\/\/place-add.nl\/wp-content\/uploads\/2023\/11\/logo-img-place-add.png\",\"width\":404,\"height\":106,\"caption\":\"Place Add\"},\"image\":{\"@id\":\"https:\/\/place-add.nl\/de\/#\/schema\/logo\/image\/\"},\"sameAs\":[\"https:\/\/www.facebook.com\/PlaceAdd\/\",\"https:\/\/www.instagram.com\/place_add\/\",\"https:\/\/www.youtube.com\/@placeadd\"]}]}<\/script>\n<!-- \/ Yoast SEO Premium plugin. -->","yoast_head_json":{"title":"Soft Touch Kunstleder Speisekarten | Place Add | Gastronomie","description":"Soft Touch Kunstleder Speisekarte: langlebig, stilvoll und erschwinglich. W\u00e4hlen Sie aus verschiedenen Farben und Optionen.","robots":{"index":"index","follow":"follow","max-snippet":"max-snippet:-1","max-image-preview":"max-image-preview:large","max-video-preview":"max-video-preview:-1"},"canonical":"https:\/\/place-add.nl\/de\/produkt\/soft-touch-kopie-2\/","og_locale":"de_DE","og_type":"article","og_title":"Soft Touch (kopie)","og_description":"Soft Touch Kunstleder Speisekarte: langlebig, stilvoll und erschwinglich. W\u00e4hlen Sie aus verschiedenen Farben und Optionen.","og_url":"https:\/\/place-add.nl\/de\/produkt\/soft-touch-kopie-2\/","og_site_name":"Place Add","article_publisher":"https:\/\/www.facebook.com\/PlaceAdd\/","article_modified_time":"2025-09-14T13:12:16+00:00","og_image":[{"width":800,"height":800,"url":"https:\/\/place-add.nl\/wp-content\/uploads\/2024\/06\/menukaarten-kunstleder-soft-touch.jpg","type":"image\/jpeg"}],"twitter_card":"summary_large_image","twitter_misc":{"Gesch\u00e4tzte Lesezeit":"2\u00a0Minuten"},"schema":{"@context":"https:\/\/schema.org","@graph":[{"@type":"WebPage","@id":"https:\/\/place-add.nl\/de\/produkt\/soft-touch-kopie-2\/","url":"https:\/\/place-add.nl\/de\/produkt\/soft-touch-kopie-2\/","name":"Soft Touch Kunstleder Speisekarten | Place Add | Gastronomie","isPartOf":{"@id":"https:\/\/place-add.nl\/de\/#website"},"primaryImageOfPage":{"@id":"https:\/\/place-add.nl\/de\/produkt\/soft-touch-kopie-2\/#primaryimage"},"image":{"@id":"https:\/\/place-add.nl\/de\/produkt\/soft-touch-kopie-2\/#primaryimage"},"thumbnailUrl":"https:\/\/place-add.nl\/wp-content\/uploads\/2024\/06\/menukaarten-kunstleder-soft-touch.jpg","datePublished":"2025-07-08T12:12:03+00:00","dateModified":"2025-09-14T13:12:16+00:00","description":"Soft Touch Kunstleder Speisekarte: langlebig, stilvoll und erschwinglich. W\u00e4hlen Sie aus verschiedenen Farben und Optionen.","breadcrumb":{"@id":"https:\/\/place-add.nl\/de\/produkt\/soft-touch-kopie-2\/#breadcrumb"},"inLanguage":"de","potentialAction":[{"@type":"ReadAction","target":["https:\/\/place-add.nl\/de\/produkt\/soft-touch-kopie-2\/"]}]},{"@type":"ImageObject","inLanguage":"de","@id":"https:\/\/place-add.nl\/de\/produkt\/soft-touch-kopie-2\/#primaryimage","url":"https:\/\/place-add.nl\/wp-content\/uploads\/2024\/06\/menukaarten-kunstleder-soft-touch.jpg","contentUrl":"https:\/\/place-add.nl\/wp-content\/uploads\/2024\/06\/menukaarten-kunstleder-soft-touch.jpg","width":800,"height":800,"caption":"Soft Touch kunstleder Menukaarten"},{"@type":"BreadcrumbList","@id":"https:\/\/place-add.nl\/de\/produkt\/soft-touch-kopie-2\/#breadcrumb","itemListElement":[{"@type":"ListItem","position":1,"name":"Home","item":"https:\/\/place-add.nl\/de\/home\/"},{"@type":"ListItem","position":2,"name":"Shop","item":"https:\/\/place-add.nl\/de\/shop\/"},{"@type":"ListItem","position":3,"name":"Soft Touch (kopie)"}]},{"@type":"WebSite","@id":"https:\/\/place-add.nl\/de\/#website","url":"https:\/\/place-add.nl\/de\/","name":"Place Add","description":"Tafelkleding voor de horeca","publisher":{"@id":"https:\/\/place-add.nl\/de\/#organization"},"potentialAction":[{"@type":"SearchAction","target":{"@type":"EntryPoint","urlTemplate":"https:\/\/place-add.nl\/de\/?s={search_term_string}"},"query-input":{"@type":"PropertyValueSpecification","valueRequired":true,"valueName":"search_term_string"}}],"inLanguage":"de"},{"@type":"Organization","@id":"https:\/\/place-add.nl\/de\/#organization","name":"Place Add","url":"https:\/\/place-add.nl\/de\/","logo":{"@type":"ImageObject","inLanguage":"de","@id":"https:\/\/place-add.nl\/de\/#\/schema\/logo\/image\/","url":"https:\/\/place-add.nl\/wp-content\/uploads\/2023\/11\/logo-img-place-add.png","contentUrl":"https:\/\/place-add.nl\/wp-content\/uploads\/2023\/11\/logo-img-place-add.png","width":404,"height":106,"caption":"Place Add"},"image":{"@id":"https:\/\/place-add.nl\/de\/#\/schema\/logo\/image\/"},"sameAs":["https:\/\/www.facebook.com\/PlaceAdd\/","https:\/\/www.instagram.com\/place_add\/","https:\/\/www.youtube.com\/@placeadd"]}]}},"_links":{"self":[{"href":"https:\/\/place-add.nl\/de\/wp-json\/wp\/v2\/product\/48679","targetHints":{"allow":["GET"]}}],"collection":[{"href":"https:\/\/place-add.nl\/de\/wp-json\/wp\/v2\/product"}],"about":[{"href":"https:\/\/place-add.nl\/de\/wp-json\/wp\/v2\/types\/product"}],"wp:featuredmedia":[{"embeddable":true,"href":"https:\/\/place-add.nl\/de\/wp-json\/wp\/v2\/media\/37857"}],"wp:attachment":[{"href":"https:\/\/place-add.nl\/de\/wp-json\/wp\/v2\/media?parent=48679"}],"wp:term":[{"taxonomy":"product_brand","embeddable":true,"href":"https:\/\/place-add.nl\/de\/wp-json\/wp\/v2\/product_brand?post=48679"},{"taxonomy":"product_cat","embeddable":true,"href":"https:\/\/place-add.nl\/de\/wp-json\/wp\/v2\/product_cat?post=48679"},{"taxonomy":"product_tag","embeddable":true,"href":"https:\/\/place-add.nl\/de\/wp-json\/wp\/v2\/product_tag?post=48679"}],"curies":[{"name":"wp","href":"https:\/\/api.w.org\/{rel}","templated":true}]}}