{"id":48739,"date":"2025-07-08T13:17:43","date_gmt":"2025-07-08T13:17:43","guid":{"rendered":"https:\/\/place-add.nl\/?post_type=product&#038;p=48739"},"modified":"2025-07-08T13:21:15","modified_gmt":"2025-07-08T13:21:15","slug":"classic-kopie-kopie","status":"publish","type":"product","link":"https:\/\/place-add.nl\/de\/produkt\/classic-kopie-kopie\/","title":{"rendered":"Classic (kopie) (kopie)"},"content":{"rendered":"<p>Unsere <strong>Classic Leinen Speisekarten<\/strong> bieten eine stilvolle, langlebige L\u00f6sung f\u00fcr jedes Gastronomieunternehmen. Diese Speisekarten bestehen aus hochwertigem Buchbinderleinen, das aus einer <strong>Mischung von 50% Baumwolle und 50% Polyester<\/strong> gefertigt wird. Dadurch sind sie nicht nur optisch ansprechend, sondern auch besonders robust und strapazierf\u00e4hig. Die nat\u00fcrliche Leinenoptik verleiht Ihrem Men\u00fc eine elegante, klassische Ausstrahlung, die sowohl zu modernen als auch traditionellen Interieurs perfekt passt.<\/p>\n<p>Ein gro\u00dfer Vorteil unserer Classic Linen-Speisekarten ist die Auswahl an verschiedenen Bindungen. Damit k\u00f6nnen Sie die Speisekarten perfekt an den Stil und die Atmosph\u00e4re Ihres Betriebs anpassen. Ob Sie eine traditionelle Bindung oder eine schlichte, moderne Ausf\u00fchrung bevorzugen \u2013 wir bieten eine Auswahl, die Ihren W\u00fcnschen entspricht. Zudem k\u00f6nnen Sie das Men\u00fc mit unseren Inhaltsoptionen individuell gestalten, sodass Sie nur die Informationen pr\u00e4sentieren, die f\u00fcr Sie wichtig sind.<\/p>\n<p>Unsere <strong>Classic Leinen Speisekarten<\/strong> sind in einer gro\u00dfen Vielfalt an Farben und Formaten erh\u00e4ltlich, sodass es immer eine passende Men\u00fckarte f\u00fcr Ihre spezifischen Anforderungen gibt:<\/p>\n<ul>\n<li><strong>A4<\/strong><\/li>\n<li><strong>A4 XL<\/strong><\/li>\n<li><strong>A4 Quadrat<\/strong><\/li>\n<li><strong>A4 Schmal<\/strong><\/li>\n<li><strong>A4 Halb<\/strong><\/li>\n<li><strong>A5<\/strong><\/li>\n<\/ul>\n<p>F\u00fcr eine pers\u00f6nliche Note und Wiedererkennung k\u00f6nnen Sie die Speisekarten mit einem Logo-Stempel oder einem einzigartigen digitalen Design personalisieren.<\/p>\n<p>Vervollst\u00e4ndigen Sie das Bild mit einer passenden <strong><a href=\"https:\/\/place-add.nl\/de\/speisekarten\/speisekarten-nach-mass\/rechnungsordner\/\">Leinen-Rechnungsmappe<\/a>!<\/strong><\/p>\n<p>Ben\u00f6tigen Sie Speisekarten kurzfristig? Besuchen Sie unsere zweite Website, <strong><a href=\"http:\/\/www.craftontable.com\/\">Craftontable.com<\/a><\/strong>, f\u00fcr Speisekarten mit etwas weniger Personalisierungsoptionen, jedoch mit deutlich k\u00fcrzerer Lieferzeit.<\/p>\n<p><strong>Wenn Sie Beratung bei der Auswahl der richtigen Speisekarten w\u00fcnschen, steht Ihnen unser engagiertes Team jederzeit zur Verf\u00fcgung. Wir helfen Ihnen gerne dabei, die perfekte Wahl f\u00fcr Ihren Betrieb zu treffen und Ihre Speisekarten zu einem integralen Bestandteil Ihrer Pr\u00e4sentation zu machen.<\/strong><\/p>\n<p>W\u00e4hlen Sie unsere Classic Linen-Speisekarten und genie\u00dfen Sie ein Produkt, das Funktionalit\u00e4t und \u00c4sthetik auf stilvolle Weise vereint.<\/p>\n","protected":false},"excerpt":{"rendered":"<p>Unsere <strong>Leinen Speisekarten<\/strong> werden aus hochwertigem Buchbinderleinen (50% Baumwolle \/ 50% Polyester) hergestellt. Das Ergebnis ist ein Einband von sehr hoher Qualit\u00e4t und mit einem nat\u00fcrlichen Aussehen. Diese Speisekarten vereinen Langlebigkeit mit \u00c4sthetik und bieten vielseitige M\u00f6glichkeiten f\u00fcr die Personalisierung und den Inhalt.<\/p>\n<p><strong>Warum sollten Sie sich f\u00fcr Speisekarten aus Leinen entscheiden?<\/strong><\/p>\n<ul>\n<li><strong>Hochwertige Materialien<\/strong>: Hergestellt aus Buchbinderleinen, einer Mischung aus Baumwolle und Polyester, f\u00fcr einen starken und haltbaren Einband.<\/li>\n<li><strong>Nat\u00fcrliches Aussehen<\/strong>: Durch die Kombination von Baumwolle und Polyester entsteht ein Einband mit nat\u00fcrlichem Aussehen, bei dem die Maserung der Baumwolle dezent sichtbar ist.<\/li>\n<li><strong>Personalisierung<\/strong>: Unsere Speisekarten aus Leinen k\u00f6nnen bedruckt werden und bieten verschiedene Einband- und Inhaltsoptionen f\u00fcr ein individuelles Ergebnis.<\/li>\n<\/ul>\n<p><strong>Erstellen Sie Ihre eigene Speisekarte im Konfigurator und sehen Sie sofort, welche Farben m\u00f6glich sind<\/strong><\/p>\n<div class=\"button-container\">\n<div style=\"float: left; margin-right: 10px;\"><a class=\"button-custom-product\" href=\"https:\/\/place-add.nl\/de\/konfigurator-leinen-classic-a4\/\" target=\"\" rel=\"noopener\">A4<\/a><\/div>\n<div style=\"float: left;\"><button id=\"knop-contact-opnemen-de\">Kontaktieren Sie uns unverbindlich<\/button><\/div>\n<\/div>\n","protected":false},"featured_media":37829,"template":"","meta":[],"product_brand":[],"product_cat":[1424],"product_tag":[1142,1198,1199,1200,1201,1202,1203],"class_list":{"0":"post-48739","1":"product","2":"type-product","3":"status-publish","4":"has-post-thumbnail","6":"product_cat-leinen","7":"product_tag-classic-speisekarten-aus-leinen","8":"product_tag-maatwerk-menukaarten-de","9":"product_tag-menukaarten-de","10":"product_tag-menukaarten-horeca-de","11":"product_tag-menukaarten-kopen-de","12":"product_tag-menukaarten-op-maat-de","13":"product_tag-restaurant-menukaarten-de","15":"first","16":"instock","17":"taxable","18":"shipping-taxable","19":"product-type-simple"},"yoast_head":"<!-- This site is optimized with the Yoast SEO Premium plugin v27.2 (Yoast SEO v27.2) - https:\/\/yoast.com\/product\/yoast-seo-premium-wordpress\/ -->\n<title>Classic Leinen Speisekarten | Bei Place Add erh\u00e4ltlich<\/title>\n<meta name=\"description\" content=\"Classic Leinen Speisekarten: hergestellt aus hochwertigem Buchbinderleinen f\u00fcr lange Haltbarkeit und nat\u00fcrliches Aussehen. Personalisierbar und vielseitig.\" \/>\n<meta name=\"robots\" content=\"index, follow, max-snippet:-1, max-image-preview:large, max-video-preview:-1\" \/>\n<link rel=\"canonical\" href=\"https:\/\/place-add.nl\/de\/produkt\/classic-kopie-kopie\/\" \/>\n<meta property=\"og:locale\" content=\"de_DE\" \/>\n<meta property=\"og:type\" content=\"article\" \/>\n<meta property=\"og:title\" content=\"Classic (kopie) (kopie)\" \/>\n<meta property=\"og:description\" content=\"Classic Leinen Speisekarten: hergestellt aus hochwertigem Buchbinderleinen f\u00fcr lange Haltbarkeit und nat\u00fcrliches Aussehen. Personalisierbar und vielseitig.\" \/>\n<meta property=\"og:url\" content=\"https:\/\/place-add.nl\/de\/produkt\/classic-kopie-kopie\/\" \/>\n<meta property=\"og:site_name\" content=\"Place Add\" \/>\n<meta property=\"article:publisher\" content=\"https:\/\/www.facebook.com\/PlaceAdd\/\" \/>\n<meta property=\"article:modified_time\" content=\"2025-07-08T13:21:15+00:00\" \/>\n<meta property=\"og:image\" content=\"https:\/\/place-add.nl\/wp-content\/uploads\/2024\/06\/TN-LINNEN-CLASSIC-MENUKAARTEN.jpg\" \/>\n\t<meta property=\"og:image:width\" content=\"800\" \/>\n\t<meta property=\"og:image:height\" content=\"800\" \/>\n\t<meta property=\"og:image:type\" content=\"image\/jpeg\" \/>\n<meta name=\"twitter:card\" content=\"summary_large_image\" \/>\n<meta name=\"twitter:label1\" content=\"Gesch\u00e4tzte Lesezeit\" \/>\n\t<meta name=\"twitter:data1\" content=\"2\u00a0Minuten\" \/>\n<script type=\"application\/ld+json\" class=\"yoast-schema-graph\">{\"@context\":\"https:\/\/schema.org\",\"@graph\":[{\"@type\":\"WebPage\",\"@id\":\"https:\/\/place-add.nl\/de\/produkt\/classic-kopie-kopie\/\",\"url\":\"https:\/\/place-add.nl\/de\/produkt\/classic-kopie-kopie\/\",\"name\":\"Classic Leinen Speisekarten | Bei Place Add erh\u00e4ltlich\",\"isPartOf\":{\"@id\":\"https:\/\/place-add.nl\/de\/#website\"},\"primaryImageOfPage\":{\"@id\":\"https:\/\/place-add.nl\/de\/produkt\/classic-kopie-kopie\/#primaryimage\"},\"image\":{\"@id\":\"https:\/\/place-add.nl\/de\/produkt\/classic-kopie-kopie\/#primaryimage\"},\"thumbnailUrl\":\"https:\/\/place-add.nl\/wp-content\/uploads\/2024\/06\/TN-LINNEN-CLASSIC-MENUKAARTEN.jpg\",\"datePublished\":\"2025-07-08T13:17:43+00:00\",\"dateModified\":\"2025-07-08T13:21:15+00:00\",\"description\":\"Classic Leinen Speisekarten: hergestellt aus hochwertigem Buchbinderleinen f\u00fcr lange Haltbarkeit und nat\u00fcrliches Aussehen. Personalisierbar und vielseitig.\",\"breadcrumb\":{\"@id\":\"https:\/\/place-add.nl\/de\/produkt\/classic-kopie-kopie\/#breadcrumb\"},\"inLanguage\":\"de\",\"potentialAction\":[{\"@type\":\"ReadAction\",\"target\":[\"https:\/\/place-add.nl\/de\/produkt\/classic-kopie-kopie\/\"]}]},{\"@type\":\"ImageObject\",\"inLanguage\":\"de\",\"@id\":\"https:\/\/place-add.nl\/de\/produkt\/classic-kopie-kopie\/#primaryimage\",\"url\":\"https:\/\/place-add.nl\/wp-content\/uploads\/2024\/06\/TN-LINNEN-CLASSIC-MENUKAARTEN.jpg\",\"contentUrl\":\"https:\/\/place-add.nl\/wp-content\/uploads\/2024\/06\/TN-LINNEN-CLASSIC-MENUKAARTEN.jpg\",\"width\":800,\"height\":800,\"caption\":\"Classic Linnen Menukaarten\"},{\"@type\":\"BreadcrumbList\",\"@id\":\"https:\/\/place-add.nl\/de\/produkt\/classic-kopie-kopie\/#breadcrumb\",\"itemListElement\":[{\"@type\":\"ListItem\",\"position\":1,\"name\":\"Home\",\"item\":\"https:\/\/place-add.nl\/de\/home\/\"},{\"@type\":\"ListItem\",\"position\":2,\"name\":\"Shop\",\"item\":\"https:\/\/place-add.nl\/de\/shop\/\"},{\"@type\":\"ListItem\",\"position\":3,\"name\":\"Classic (kopie) (kopie)\"}]},{\"@type\":\"WebSite\",\"@id\":\"https:\/\/place-add.nl\/de\/#website\",\"url\":\"https:\/\/place-add.nl\/de\/\",\"name\":\"Place Add\",\"description\":\"Tafelkleding voor de horeca\",\"publisher\":{\"@id\":\"https:\/\/place-add.nl\/de\/#organization\"},\"potentialAction\":[{\"@type\":\"SearchAction\",\"target\":{\"@type\":\"EntryPoint\",\"urlTemplate\":\"https:\/\/place-add.nl\/de\/?s={search_term_string}\"},\"query-input\":{\"@type\":\"PropertyValueSpecification\",\"valueRequired\":true,\"valueName\":\"search_term_string\"}}],\"inLanguage\":\"de\"},{\"@type\":\"Organization\",\"@id\":\"https:\/\/place-add.nl\/de\/#organization\",\"name\":\"Place Add\",\"url\":\"https:\/\/place-add.nl\/de\/\",\"logo\":{\"@type\":\"ImageObject\",\"inLanguage\":\"de\",\"@id\":\"https:\/\/place-add.nl\/de\/#\/schema\/logo\/image\/\",\"url\":\"https:\/\/place-add.nl\/wp-content\/uploads\/2023\/11\/logo-img-place-add.png\",\"contentUrl\":\"https:\/\/place-add.nl\/wp-content\/uploads\/2023\/11\/logo-img-place-add.png\",\"width\":404,\"height\":106,\"caption\":\"Place Add\"},\"image\":{\"@id\":\"https:\/\/place-add.nl\/de\/#\/schema\/logo\/image\/\"},\"sameAs\":[\"https:\/\/www.facebook.com\/PlaceAdd\/\",\"https:\/\/www.instagram.com\/place_add\/\",\"https:\/\/www.youtube.com\/@placeadd\"]}]}<\/script>\n<!-- \/ Yoast SEO Premium plugin. -->","yoast_head_json":{"title":"Classic Leinen Speisekarten | Bei Place Add erh\u00e4ltlich","description":"Classic Leinen Speisekarten: hergestellt aus hochwertigem Buchbinderleinen f\u00fcr lange Haltbarkeit und nat\u00fcrliches Aussehen. Personalisierbar und vielseitig.","robots":{"index":"index","follow":"follow","max-snippet":"max-snippet:-1","max-image-preview":"max-image-preview:large","max-video-preview":"max-video-preview:-1"},"canonical":"https:\/\/place-add.nl\/de\/produkt\/classic-kopie-kopie\/","og_locale":"de_DE","og_type":"article","og_title":"Classic (kopie) (kopie)","og_description":"Classic Leinen Speisekarten: hergestellt aus hochwertigem Buchbinderleinen f\u00fcr lange Haltbarkeit und nat\u00fcrliches Aussehen. Personalisierbar und vielseitig.","og_url":"https:\/\/place-add.nl\/de\/produkt\/classic-kopie-kopie\/","og_site_name":"Place Add","article_publisher":"https:\/\/www.facebook.com\/PlaceAdd\/","article_modified_time":"2025-07-08T13:21:15+00:00","og_image":[{"width":800,"height":800,"url":"https:\/\/place-add.nl\/wp-content\/uploads\/2024\/06\/TN-LINNEN-CLASSIC-MENUKAARTEN.jpg","type":"image\/jpeg"}],"twitter_card":"summary_large_image","twitter_misc":{"Gesch\u00e4tzte Lesezeit":"2\u00a0Minuten"},"schema":{"@context":"https:\/\/schema.org","@graph":[{"@type":"WebPage","@id":"https:\/\/place-add.nl\/de\/produkt\/classic-kopie-kopie\/","url":"https:\/\/place-add.nl\/de\/produkt\/classic-kopie-kopie\/","name":"Classic Leinen Speisekarten | Bei Place Add erh\u00e4ltlich","isPartOf":{"@id":"https:\/\/place-add.nl\/de\/#website"},"primaryImageOfPage":{"@id":"https:\/\/place-add.nl\/de\/produkt\/classic-kopie-kopie\/#primaryimage"},"image":{"@id":"https:\/\/place-add.nl\/de\/produkt\/classic-kopie-kopie\/#primaryimage"},"thumbnailUrl":"https:\/\/place-add.nl\/wp-content\/uploads\/2024\/06\/TN-LINNEN-CLASSIC-MENUKAARTEN.jpg","datePublished":"2025-07-08T13:17:43+00:00","dateModified":"2025-07-08T13:21:15+00:00","description":"Classic Leinen Speisekarten: hergestellt aus hochwertigem Buchbinderleinen f\u00fcr lange Haltbarkeit und nat\u00fcrliches Aussehen. Personalisierbar und vielseitig.","breadcrumb":{"@id":"https:\/\/place-add.nl\/de\/produkt\/classic-kopie-kopie\/#breadcrumb"},"inLanguage":"de","potentialAction":[{"@type":"ReadAction","target":["https:\/\/place-add.nl\/de\/produkt\/classic-kopie-kopie\/"]}]},{"@type":"ImageObject","inLanguage":"de","@id":"https:\/\/place-add.nl\/de\/produkt\/classic-kopie-kopie\/#primaryimage","url":"https:\/\/place-add.nl\/wp-content\/uploads\/2024\/06\/TN-LINNEN-CLASSIC-MENUKAARTEN.jpg","contentUrl":"https:\/\/place-add.nl\/wp-content\/uploads\/2024\/06\/TN-LINNEN-CLASSIC-MENUKAARTEN.jpg","width":800,"height":800,"caption":"Classic Linnen Menukaarten"},{"@type":"BreadcrumbList","@id":"https:\/\/place-add.nl\/de\/produkt\/classic-kopie-kopie\/#breadcrumb","itemListElement":[{"@type":"ListItem","position":1,"name":"Home","item":"https:\/\/place-add.nl\/de\/home\/"},{"@type":"ListItem","position":2,"name":"Shop","item":"https:\/\/place-add.nl\/de\/shop\/"},{"@type":"ListItem","position":3,"name":"Classic (kopie) (kopie)"}]},{"@type":"WebSite","@id":"https:\/\/place-add.nl\/de\/#website","url":"https:\/\/place-add.nl\/de\/","name":"Place Add","description":"Tafelkleding voor de horeca","publisher":{"@id":"https:\/\/place-add.nl\/de\/#organization"},"potentialAction":[{"@type":"SearchAction","target":{"@type":"EntryPoint","urlTemplate":"https:\/\/place-add.nl\/de\/?s={search_term_string}"},"query-input":{"@type":"PropertyValueSpecification","valueRequired":true,"valueName":"search_term_string"}}],"inLanguage":"de"},{"@type":"Organization","@id":"https:\/\/place-add.nl\/de\/#organization","name":"Place Add","url":"https:\/\/place-add.nl\/de\/","logo":{"@type":"ImageObject","inLanguage":"de","@id":"https:\/\/place-add.nl\/de\/#\/schema\/logo\/image\/","url":"https:\/\/place-add.nl\/wp-content\/uploads\/2023\/11\/logo-img-place-add.png","contentUrl":"https:\/\/place-add.nl\/wp-content\/uploads\/2023\/11\/logo-img-place-add.png","width":404,"height":106,"caption":"Place Add"},"image":{"@id":"https:\/\/place-add.nl\/de\/#\/schema\/logo\/image\/"},"sameAs":["https:\/\/www.facebook.com\/PlaceAdd\/","https:\/\/www.instagram.com\/place_add\/","https:\/\/www.youtube.com\/@placeadd"]}]}},"_links":{"self":[{"href":"https:\/\/place-add.nl\/de\/wp-json\/wp\/v2\/product\/48739","targetHints":{"allow":["GET"]}}],"collection":[{"href":"https:\/\/place-add.nl\/de\/wp-json\/wp\/v2\/product"}],"about":[{"href":"https:\/\/place-add.nl\/de\/wp-json\/wp\/v2\/types\/product"}],"wp:featuredmedia":[{"embeddable":true,"href":"https:\/\/place-add.nl\/de\/wp-json\/wp\/v2\/media\/37829"}],"wp:attachment":[{"href":"https:\/\/place-add.nl\/de\/wp-json\/wp\/v2\/media?parent=48739"}],"wp:term":[{"taxonomy":"product_brand","embeddable":true,"href":"https:\/\/place-add.nl\/de\/wp-json\/wp\/v2\/product_brand?post=48739"},{"taxonomy":"product_cat","embeddable":true,"href":"https:\/\/place-add.nl\/de\/wp-json\/wp\/v2\/product_cat?post=48739"},{"taxonomy":"product_tag","embeddable":true,"href":"https:\/\/place-add.nl\/de\/wp-json\/wp\/v2\/product_tag?post=48739"}],"curies":[{"name":"wp","href":"https:\/\/api.w.org\/{rel}","templated":true}]}}