{"id":48988,"date":"2025-08-05T09:03:13","date_gmt":"2025-08-05T09:03:13","guid":{"rendered":"https:\/\/place-add.nl\/?post_type=product&#038;p=48988"},"modified":"2025-08-06T11:37:32","modified_gmt":"2025-08-06T11:37:32","slug":"bestecktaschen-xl-mit-druck","status":"publish","type":"product","link":"https:\/\/place-add.nl\/de\/produkt\/bestecktaschen-xl-mit-druck\/","title":{"rendered":"Bestecktaschen XL mit Druck"},"content":{"rendered":"<p data-start=\"62\" data-end=\"254\">Seit vielen Jahren sind wir der zuverl\u00e4ssige Lieferant von bedruckten XL-Besteckt\u00e4schchen f\u00fcr die Gastronomie und bieten eine kosteng\u00fcnstige und individuelle L\u00f6sung f\u00fcr Ihr Gastronomiekonzept.<\/p>\n<p data-start=\"256\" data-end=\"555\">Bereits ab einer Abnahme von 6.000 St\u00fcck erh\u00e4ltlich \u2013 ohne versteckte Kosten. Diese XL-Besteckt\u00e4schchen eignen sich ideal f\u00fcr die stilvolle Pr\u00e4sentation von mehr Besteck im Vergleich zur \u201eClassic\u201c-Variante, w\u00e4hrend Sie gleichzeitig Ihr Logo oder Ihre Botschaft eindrucksvoll in Szene setzen k\u00f6nnen.<\/p>\n<p data-start=\"557\" data-end=\"763\">Die bedruckten XL-Besteckt\u00e4schchen haben ein gro\u00dfz\u00fcgiges<strong> Format von 10 x 20 cm<\/strong> und enthalten entweder eine <strong>Double Point-Serviette in der Gr\u00f6\u00dfe 28 x 39 cm<\/strong> oder eine <strong>Airlaid-Serviette in der Gr\u00f6\u00dfe 39 x 39<\/strong> cm.<\/p>\n<p data-start=\"765\" data-end=\"1065\">Das Papiert\u00e4schchen wird wahlweise in Standard-HVO-Papier oder ECO-Papier geliefert. Dank des hochwertigen Vollfarbdrucks k\u00f6nnen Sie das Design ganz nach Ihren W\u00fcnschen gestalten und aus einer Vielzahl an Serviettenfarben w\u00e4hlen \u2013 f\u00fcr eine perfekte Abstimmung mit dem Erscheinungsbild Ihres Betriebs.<\/p>\n<p data-start=\"1067\" data-end=\"1302\">Unsere bedruckten Besteckt\u00e4schchen sind bereits ab 6.000 St\u00fcck erh\u00e4ltlich und haben eine Lieferzeit von in der Regel 5 bis 6 Wochen. Wir bieten Ihnen eine zuverl\u00e4ssige und kosteneffiziente L\u00f6sung f\u00fcr Ihre gastronomischen Anforderungen.<\/p>\n<p data-start=\"1304\" data-end=\"1426\">Ben\u00f6tigen Sie kurzfristig Servietten? Bestellen Sie unbedruckte Servietten \u00fcber unsere zweite Website: <strong data-start=\"1407\" data-end=\"1425\">Craft On Table<\/strong>!<\/p>\n<p data-start=\"1428\" data-end=\"1696\" data-is-last-node=\"\" data-is-only-node=\"\">W\u00fcnschen Sie eine pers\u00f6nliche Beratung bei der Auswahl der passenden Servietten f\u00fcr Ihr Restaurant, Caf\u00e9 oder Hotel? Dann z\u00f6gern Sie nicht, uns zu kontaktieren \u2013 unser engagiertes Team hilft Ihnen gerne, die perfekte Wahl f\u00fcr Ihre individuellen Bed\u00fcrfnisse zu treffen.<\/p>\n<p><button id=\"knop-contact-opnemen-overige-producten-de\">Kontaktieren Sie uns unverbindlich<\/button><\/p>\n","protected":false},"excerpt":{"rendered":"<p data-start=\"43\" data-end=\"163\">Da einige Unternehmer das \u201eClassic\u201c-Besteckt\u00e4schchen als zu klein empfinden, bieten wir auch das XL-Besteckt\u00e4schchen an!<\/p>\n<p data-start=\"165\" data-end=\"267\">Der gr\u00f6\u00dfere Bruder bietet <strong>mehr Platz f\u00fcr Besteck und eine gr\u00f6\u00dfere Serviette<\/strong> \u2013 ideal f\u00fcr mehrere G\u00e4nge.<\/p>\n<p data-start=\"269\" data-end=\"382\">Sie haben die Wahl zwischen einer Double Point- oder einer Airlaid-Serviette, erh\u00e4ltlich in verschiedenen Farben.<\/p>\n<p data-start=\"384\" data-end=\"515\" data-is-last-node=\"\" data-is-only-node=\"\">Die bedruckten XL-Besteckt\u00e4schchen sind bereits <strong>ab 6.000 St\u00fcck verf\u00fcgbar<\/strong> und haben eine Lieferzeit von in der Regel 5 bis 6 Wochen.<\/p>\n<p data-start=\"384\" data-end=\"515\" data-is-last-node=\"\" data-is-only-node=\"\"><strong>Preise ohne Versandkosten. Diese sind (noch) nicht in den Preisen enthalten.<\/strong><\/p>\n<p><a class=\"button-custom-product\" href=\"https:\/\/place-add.nl\/wp-content\/uploads\/2025\/06\/PA-prijslijst-bestekzakjes-duits.pdf\" target=\"_blank\" rel=\"noopener\">Gehen Sie zu den Preisen<\/a>\u00a0 <button id=\"knop-contact-opnemen-overige-producten-de\">Kontaktieren Sie uns unverbindlich<\/button><\/p>\n","protected":false},"featured_media":48983,"template":"","meta":[],"product_brand":[],"product_cat":[1411],"product_tag":[1190,1191,1274,1259,1278],"class_list":{"0":"post-48988","1":"product","2":"type-product","3":"status-publish","4":"has-post-thumbnail","6":"product_cat-papier-bestecktasche","7":"product_tag-bestecktaschen-mit-2-lagiger-serviette","8":"product_tag-bestecktaschen-mit-zellstoffserviette","9":"product_tag-bestecktaschen-papier","10":"product_tag-classic-bestecktaschen","11":"product_tag-full-color-bestecktaschen","13":"first","14":"instock","15":"taxable","16":"shipping-taxable","17":"product-type-simple"},"yoast_head":"<!-- This site is optimized with the Yoast SEO Premium plugin v27.2 (Yoast SEO v27.2) - https:\/\/yoast.com\/product\/yoast-seo-premium-wordpress\/ -->\n<title>Bestecktaschen XL mit Druck | Place Add | F\u00fcr die Gastronomie<\/title>\n<meta name=\"description\" content=\"Bedruckte XL Besteckt\u00e4schchen f\u00fcr die Gastronomie.W\u00e4hlen Sie Ihr eigenes Design und Serviettenfarbe ab 6.000 St\u00fcck mit \u00d6ko oder Wei\u00df papier.\" \/>\n<meta name=\"robots\" content=\"index, follow, max-snippet:-1, max-image-preview:large, max-video-preview:-1\" \/>\n<link rel=\"canonical\" href=\"https:\/\/place-add.nl\/de\/produkt\/bestecktaschen-xl-mit-druck\/\" \/>\n<meta property=\"og:locale\" content=\"de_DE\" \/>\n<meta property=\"og:type\" content=\"article\" \/>\n<meta property=\"og:title\" content=\"Bestecktaschen XL mit Druck\" \/>\n<meta property=\"og:description\" content=\"Bedruckte XL Besteckt\u00e4schchen f\u00fcr die Gastronomie.W\u00e4hlen Sie Ihr eigenes Design und Serviettenfarbe ab 6.000 St\u00fcck mit \u00d6ko oder Wei\u00df papier.\" \/>\n<meta property=\"og:url\" content=\"https:\/\/place-add.nl\/de\/produkt\/bestecktaschen-xl-mit-druck\/\" \/>\n<meta property=\"og:site_name\" content=\"Place Add\" \/>\n<meta property=\"article:publisher\" content=\"https:\/\/www.facebook.com\/PlaceAdd\/\" \/>\n<meta property=\"article:modified_time\" content=\"2025-08-06T11:37:32+00:00\" \/>\n<meta property=\"og:image\" content=\"https:\/\/place-add.nl\/wp-content\/uploads\/2025\/08\/XL-bestekzakjes-starbucks-min.jpg\" \/>\n\t<meta property=\"og:image:width\" content=\"800\" \/>\n\t<meta property=\"og:image:height\" content=\"800\" \/>\n\t<meta property=\"og:image:type\" content=\"image\/jpeg\" \/>\n<meta name=\"twitter:card\" content=\"summary_large_image\" \/>\n<meta name=\"twitter:label1\" content=\"Gesch\u00e4tzte Lesezeit\" \/>\n\t<meta name=\"twitter:data1\" content=\"2\u00a0Minuten\" \/>\n<script type=\"application\/ld+json\" class=\"yoast-schema-graph\">{\"@context\":\"https:\/\/schema.org\",\"@graph\":[{\"@type\":\"WebPage\",\"@id\":\"https:\/\/place-add.nl\/de\/produkt\/bestecktaschen-xl-mit-druck\/\",\"url\":\"https:\/\/place-add.nl\/de\/produkt\/bestecktaschen-xl-mit-druck\/\",\"name\":\"Bestecktaschen XL mit Druck | Place Add | F\u00fcr die Gastronomie\",\"isPartOf\":{\"@id\":\"https:\/\/place-add.nl\/de\/#website\"},\"primaryImageOfPage\":{\"@id\":\"https:\/\/place-add.nl\/de\/produkt\/bestecktaschen-xl-mit-druck\/#primaryimage\"},\"image\":{\"@id\":\"https:\/\/place-add.nl\/de\/produkt\/bestecktaschen-xl-mit-druck\/#primaryimage\"},\"thumbnailUrl\":\"https:\/\/place-add.nl\/wp-content\/uploads\/2025\/08\/XL-bestekzakjes-starbucks-min.jpg\",\"datePublished\":\"2025-08-05T09:03:13+00:00\",\"dateModified\":\"2025-08-06T11:37:32+00:00\",\"description\":\"Bedruckte XL Besteckt\u00e4schchen f\u00fcr die Gastronomie.W\u00e4hlen Sie Ihr eigenes Design und Serviettenfarbe ab 6.000 St\u00fcck mit \u00d6ko oder Wei\u00df papier.\",\"breadcrumb\":{\"@id\":\"https:\/\/place-add.nl\/de\/produkt\/bestecktaschen-xl-mit-druck\/#breadcrumb\"},\"inLanguage\":\"de\",\"potentialAction\":[{\"@type\":\"ReadAction\",\"target\":[\"https:\/\/place-add.nl\/de\/produkt\/bestecktaschen-xl-mit-druck\/\"]}]},{\"@type\":\"ImageObject\",\"inLanguage\":\"de\",\"@id\":\"https:\/\/place-add.nl\/de\/produkt\/bestecktaschen-xl-mit-druck\/#primaryimage\",\"url\":\"https:\/\/place-add.nl\/wp-content\/uploads\/2025\/08\/XL-bestekzakjes-starbucks-min.jpg\",\"contentUrl\":\"https:\/\/place-add.nl\/wp-content\/uploads\/2025\/08\/XL-bestekzakjes-starbucks-min.jpg\",\"width\":800,\"height\":800},{\"@type\":\"BreadcrumbList\",\"@id\":\"https:\/\/place-add.nl\/de\/produkt\/bestecktaschen-xl-mit-druck\/#breadcrumb\",\"itemListElement\":[{\"@type\":\"ListItem\",\"position\":1,\"name\":\"Home\",\"item\":\"https:\/\/place-add.nl\/de\/home\/\"},{\"@type\":\"ListItem\",\"position\":2,\"name\":\"Shop\",\"item\":\"https:\/\/place-add.nl\/de\/shop\/\"},{\"@type\":\"ListItem\",\"position\":3,\"name\":\"Bestecktaschen XL mit Druck\"}]},{\"@type\":\"WebSite\",\"@id\":\"https:\/\/place-add.nl\/de\/#website\",\"url\":\"https:\/\/place-add.nl\/de\/\",\"name\":\"Place Add\",\"description\":\"Tafelkleding voor de horeca\",\"publisher\":{\"@id\":\"https:\/\/place-add.nl\/de\/#organization\"},\"potentialAction\":[{\"@type\":\"SearchAction\",\"target\":{\"@type\":\"EntryPoint\",\"urlTemplate\":\"https:\/\/place-add.nl\/de\/?s={search_term_string}\"},\"query-input\":{\"@type\":\"PropertyValueSpecification\",\"valueRequired\":true,\"valueName\":\"search_term_string\"}}],\"inLanguage\":\"de\"},{\"@type\":\"Organization\",\"@id\":\"https:\/\/place-add.nl\/de\/#organization\",\"name\":\"Place Add\",\"url\":\"https:\/\/place-add.nl\/de\/\",\"logo\":{\"@type\":\"ImageObject\",\"inLanguage\":\"de\",\"@id\":\"https:\/\/place-add.nl\/de\/#\/schema\/logo\/image\/\",\"url\":\"https:\/\/place-add.nl\/wp-content\/uploads\/2023\/11\/logo-img-place-add.png\",\"contentUrl\":\"https:\/\/place-add.nl\/wp-content\/uploads\/2023\/11\/logo-img-place-add.png\",\"width\":404,\"height\":106,\"caption\":\"Place Add\"},\"image\":{\"@id\":\"https:\/\/place-add.nl\/de\/#\/schema\/logo\/image\/\"},\"sameAs\":[\"https:\/\/www.facebook.com\/PlaceAdd\/\",\"https:\/\/www.instagram.com\/place_add\/\",\"https:\/\/www.youtube.com\/@placeadd\"]}]}<\/script>\n<!-- \/ Yoast SEO Premium plugin. -->","yoast_head_json":{"title":"Bestecktaschen XL mit Druck | Place Add | F\u00fcr die Gastronomie","description":"Bedruckte XL Besteckt\u00e4schchen f\u00fcr die Gastronomie.W\u00e4hlen Sie Ihr eigenes Design und Serviettenfarbe ab 6.000 St\u00fcck mit \u00d6ko oder Wei\u00df papier.","robots":{"index":"index","follow":"follow","max-snippet":"max-snippet:-1","max-image-preview":"max-image-preview:large","max-video-preview":"max-video-preview:-1"},"canonical":"https:\/\/place-add.nl\/de\/produkt\/bestecktaschen-xl-mit-druck\/","og_locale":"de_DE","og_type":"article","og_title":"Bestecktaschen XL mit Druck","og_description":"Bedruckte XL Besteckt\u00e4schchen f\u00fcr die Gastronomie.W\u00e4hlen Sie Ihr eigenes Design und Serviettenfarbe ab 6.000 St\u00fcck mit \u00d6ko oder Wei\u00df papier.","og_url":"https:\/\/place-add.nl\/de\/produkt\/bestecktaschen-xl-mit-druck\/","og_site_name":"Place Add","article_publisher":"https:\/\/www.facebook.com\/PlaceAdd\/","article_modified_time":"2025-08-06T11:37:32+00:00","og_image":[{"width":800,"height":800,"url":"https:\/\/place-add.nl\/wp-content\/uploads\/2025\/08\/XL-bestekzakjes-starbucks-min.jpg","type":"image\/jpeg"}],"twitter_card":"summary_large_image","twitter_misc":{"Gesch\u00e4tzte Lesezeit":"2\u00a0Minuten"},"schema":{"@context":"https:\/\/schema.org","@graph":[{"@type":"WebPage","@id":"https:\/\/place-add.nl\/de\/produkt\/bestecktaschen-xl-mit-druck\/","url":"https:\/\/place-add.nl\/de\/produkt\/bestecktaschen-xl-mit-druck\/","name":"Bestecktaschen XL mit Druck | Place Add | F\u00fcr die Gastronomie","isPartOf":{"@id":"https:\/\/place-add.nl\/de\/#website"},"primaryImageOfPage":{"@id":"https:\/\/place-add.nl\/de\/produkt\/bestecktaschen-xl-mit-druck\/#primaryimage"},"image":{"@id":"https:\/\/place-add.nl\/de\/produkt\/bestecktaschen-xl-mit-druck\/#primaryimage"},"thumbnailUrl":"https:\/\/place-add.nl\/wp-content\/uploads\/2025\/08\/XL-bestekzakjes-starbucks-min.jpg","datePublished":"2025-08-05T09:03:13+00:00","dateModified":"2025-08-06T11:37:32+00:00","description":"Bedruckte XL Besteckt\u00e4schchen f\u00fcr die Gastronomie.W\u00e4hlen Sie Ihr eigenes Design und Serviettenfarbe ab 6.000 St\u00fcck mit \u00d6ko oder Wei\u00df papier.","breadcrumb":{"@id":"https:\/\/place-add.nl\/de\/produkt\/bestecktaschen-xl-mit-druck\/#breadcrumb"},"inLanguage":"de","potentialAction":[{"@type":"ReadAction","target":["https:\/\/place-add.nl\/de\/produkt\/bestecktaschen-xl-mit-druck\/"]}]},{"@type":"ImageObject","inLanguage":"de","@id":"https:\/\/place-add.nl\/de\/produkt\/bestecktaschen-xl-mit-druck\/#primaryimage","url":"https:\/\/place-add.nl\/wp-content\/uploads\/2025\/08\/XL-bestekzakjes-starbucks-min.jpg","contentUrl":"https:\/\/place-add.nl\/wp-content\/uploads\/2025\/08\/XL-bestekzakjes-starbucks-min.jpg","width":800,"height":800},{"@type":"BreadcrumbList","@id":"https:\/\/place-add.nl\/de\/produkt\/bestecktaschen-xl-mit-druck\/#breadcrumb","itemListElement":[{"@type":"ListItem","position":1,"name":"Home","item":"https:\/\/place-add.nl\/de\/home\/"},{"@type":"ListItem","position":2,"name":"Shop","item":"https:\/\/place-add.nl\/de\/shop\/"},{"@type":"ListItem","position":3,"name":"Bestecktaschen XL mit Druck"}]},{"@type":"WebSite","@id":"https:\/\/place-add.nl\/de\/#website","url":"https:\/\/place-add.nl\/de\/","name":"Place Add","description":"Tafelkleding voor de horeca","publisher":{"@id":"https:\/\/place-add.nl\/de\/#organization"},"potentialAction":[{"@type":"SearchAction","target":{"@type":"EntryPoint","urlTemplate":"https:\/\/place-add.nl\/de\/?s={search_term_string}"},"query-input":{"@type":"PropertyValueSpecification","valueRequired":true,"valueName":"search_term_string"}}],"inLanguage":"de"},{"@type":"Organization","@id":"https:\/\/place-add.nl\/de\/#organization","name":"Place Add","url":"https:\/\/place-add.nl\/de\/","logo":{"@type":"ImageObject","inLanguage":"de","@id":"https:\/\/place-add.nl\/de\/#\/schema\/logo\/image\/","url":"https:\/\/place-add.nl\/wp-content\/uploads\/2023\/11\/logo-img-place-add.png","contentUrl":"https:\/\/place-add.nl\/wp-content\/uploads\/2023\/11\/logo-img-place-add.png","width":404,"height":106,"caption":"Place Add"},"image":{"@id":"https:\/\/place-add.nl\/de\/#\/schema\/logo\/image\/"},"sameAs":["https:\/\/www.facebook.com\/PlaceAdd\/","https:\/\/www.instagram.com\/place_add\/","https:\/\/www.youtube.com\/@placeadd"]}]}},"_links":{"self":[{"href":"https:\/\/place-add.nl\/de\/wp-json\/wp\/v2\/product\/48988","targetHints":{"allow":["GET"]}}],"collection":[{"href":"https:\/\/place-add.nl\/de\/wp-json\/wp\/v2\/product"}],"about":[{"href":"https:\/\/place-add.nl\/de\/wp-json\/wp\/v2\/types\/product"}],"wp:featuredmedia":[{"embeddable":true,"href":"https:\/\/place-add.nl\/de\/wp-json\/wp\/v2\/media\/48983"}],"wp:attachment":[{"href":"https:\/\/place-add.nl\/de\/wp-json\/wp\/v2\/media?parent=48988"}],"wp:term":[{"taxonomy":"product_brand","embeddable":true,"href":"https:\/\/place-add.nl\/de\/wp-json\/wp\/v2\/product_brand?post=48988"},{"taxonomy":"product_cat","embeddable":true,"href":"https:\/\/place-add.nl\/de\/wp-json\/wp\/v2\/product_cat?post=48988"},{"taxonomy":"product_tag","embeddable":true,"href":"https:\/\/place-add.nl\/de\/wp-json\/wp\/v2\/product_tag?post=48988"}],"curies":[{"name":"wp","href":"https:\/\/api.w.org\/{rel}","templated":true}]}}